{"id":7,"date":"2019-01-10T15:51:22","date_gmt":"2019-01-10T14:51:22","guid":{"rendered":"http:\/\/10.3.60.169\/nawi\/?page_id=3"},"modified":"2024-02-09T12:42:29","modified_gmt":"2024-02-09T12:42:29","slug":"declaration-de-protection-des-donnees","status":"publish","type":"page","link":"https:\/\/sternwarte-zweibruecken.de\/fr\/datenschutzerklaerung","title":{"rendered":"D\u00e9claration de confidentialit\u00e9"},"content":{"rendered":"<p class=\"has-medium-font-size wp-block-paragraph\"><p class=\"has-medium-font-size\"><strong>La version allemande fait foi.<\/strong><\/p><br><br><\/p>\r\n\r\n\r\n\r\n<p class=\"wp-block-paragraph\">Le responsable au sens des lois sur la protection des donn\u00e9es, en particulier du r\u00e8glement g\u00e9n\u00e9ral sur la protection des donn\u00e9es (RGPD) de l'UE, est :<\/p>\r\n\r\n\r\n\r\n<p class=\"wp-block-paragraph\">Soci\u00e9t\u00e9 des sciences naturelles de Zweibr\u00fccken e.V.<br>Dr. rer.nat. Walter Arnold<br>Amerikastrasse 1<br>66482 Zweibr\u00fccken<\/p>\r\n\r\n\r\n\r\n<h2 class=\"wp-block-heading\">Vos droits en tant que personne concern\u00e9e<\/h2>\r\n\r\n\r\n\r\n<p class=\"wp-block-paragraph\">Vous pouvez \u00e0 tout moment exercer les droits suivants en utilisant les coordonn\u00e9es indiqu\u00e9es de notre responsable de la protection des donn\u00e9es :<\/p>\r\n\r\n\r\n\r\n<ul class=\"wp-block-list\">\r\n<li>Renseignements sur vos donn\u00e9es enregistr\u00e9es chez nous et sur leur traitement (art. 15 RGPD),<\/li>\r\n\r\n\r\n\r\n<li>Rectification des donn\u00e9es \u00e0 caract\u00e8re personnel inexactes (article 16 du RGPD),<\/li>\r\n\r\n\r\n\r\n<li>Suppression de vos donn\u00e9es enregistr\u00e9es chez nous (art. 17 RGPD),<\/li>\r\n\r\n\r\n\r\n<li>la limitation du traitement des donn\u00e9es, dans la mesure o\u00f9 nous ne sommes pas encore autoris\u00e9s \u00e0 supprimer vos donn\u00e9es en raison d'obligations l\u00e9gales (article 18 du RGPD),<\/li>\r\n\r\n\r\n\r\n<li>opposition au traitement de vos donn\u00e9es par nos soins (art. 21 RGPD) et<\/li>\r\n\r\n\r\n\r\n<li>la portabilit\u00e9 des donn\u00e9es, dans la mesure o\u00f9 vous avez consenti au traitement des donn\u00e9es ou conclu un contrat avec nous (article 20 du RGPD).<\/li>\r\n<\/ul>\r\n\r\n\r\n\r\n<p class=\"wp-block-paragraph\">Si vous nous avez donn\u00e9 votre consentement, vous pouvez le r\u00e9voquer \u00e0 tout moment avec effet pour l'avenir.<\/p>\r\n\r\n\r\n\r\n<p class=\"wp-block-paragraph\">Vous pouvez \u00e0 tout moment d\u00e9poser une plainte aupr\u00e8s d'une autorit\u00e9 de surveillance, par exemple aupr\u00e8s de l'autorit\u00e9 de surveillance comp\u00e9tente du Land de votre domicile ou aupr\u00e8s de l'autorit\u00e9 comp\u00e9tente pour nous en tant qu'organisme responsable.<\/p>\r\n\r\n\r\n\r\n<p class=\"wp-block-paragraph\">Vous trouverez une liste des autorit\u00e9s de contr\u00f4le (pour le secteur non public) avec leur adresse sur le site : <a href=\"https:\/\/www.bfdi.bund.de\/DE\/Infothek\/Anschriften_Links\/anschriften_links-node.html\" target=\"_blank\" rel=\"noreferrer noopener\">https:\/\/www.bfdi.bund.de\/DE\/Infothek\/Anschriften_Links\/anschriften_links-node.html<\/a>.<\/p>\r\n\r\n\r\n\r\n<h2 class=\"wp-block-heading\">Collecte d'informations g\u00e9n\u00e9rales lors de la visite de notre site web<\/h2>\r\n\r\n\r\n\r\n<h3 class=\"wp-block-heading\">la nature et la finalit\u00e9 du traitement :<\/h3>\r\n\r\n\r\n\r\n<p class=\"wp-block-paragraph\">Lorsque vous acc\u00e9dez \u00e0 notre site web, c'est-\u00e0-dire lorsque vous ne vous enregistrez pas ou ne transmettez pas d'informations d'une autre mani\u00e8re, des informations de nature g\u00e9n\u00e9rale sont automatiquement collect\u00e9es. Ces informations (fichiers journaux du serveur) comprennent par exemple le type de navigateur web, le syst\u00e8me d'exploitation utilis\u00e9, le nom de domaine de votre fournisseur de services Internet, votre adresse IP et d'autres informations similaires.<\/p>\r\n\r\n\r\n\r\n<p class=\"wp-block-paragraph\">Elles sont notamment trait\u00e9es aux fins suivantes :<\/p>\r\n\r\n\r\n\r\n<ul class=\"wp-block-list\">\r\n<li>Assurer une connexion sans probl\u00e8me du site web,<\/li>\r\n\r\n\r\n\r\n<li>Assurer une bonne utilisation de notre site web,<\/li>\r\n\r\n\r\n\r\n<li>\u00e9valuation de la s\u00e9curit\u00e9 et de la stabilit\u00e9 du syst\u00e8me, et<\/li>\r\n\r\n\r\n\r\n<li>pour optimiser notre site web.<\/li>\r\n<\/ul>\r\n\r\n\r\n\r\n<p class=\"wp-block-paragraph\">Nous n'utilisons pas vos donn\u00e9es pour tirer des conclusions sur votre personne. Les informations de ce type sont \u00e9ventuellement \u00e9valu\u00e9es statistiquement de mani\u00e8re anonyme afin d'optimiser notre site Internet et la technique qui le sous-tend.<\/p>\r\n\r\n\r\n\r\n<h3 class=\"wp-block-heading\">Base juridique et int\u00e9r\u00eat l\u00e9gitime :<\/h3>\r\n\r\n\r\n\r\n<p class=\"wp-block-paragraph\">Le traitement est effectu\u00e9 conform\u00e9ment \u00e0 l'article 6, paragraphe 1, point f), du RGPD, sur la base de notre int\u00e9r\u00eat l\u00e9gitime \u00e0 am\u00e9liorer la stabilit\u00e9 et la fonctionnalit\u00e9 de notre site web.<\/p>\r\n\r\n\r\n\r\n<h3 class=\"wp-block-heading\">R\u00e9cepteurs :<\/h3>\r\n\r\n\r\n\r\n<p class=\"wp-block-paragraph\">Les destinataires des donn\u00e9es sont, le cas \u00e9ch\u00e9ant, des prestataires de services techniques qui agissent en tant que sous-traitants pour l'exploitation et la maintenance de notre site web.<\/p>\r\n\r\n\r\n\r\n<h3 class=\"wp-block-heading\">Dur\u00e9e de conservation :<\/h3>\r\n\r\n\r\n\r\n<p class=\"wp-block-paragraph\">Les donn\u00e9es sont supprim\u00e9es d\u00e8s qu'elles ne sont plus n\u00e9cessaires aux fins pour lesquelles elles ont \u00e9t\u00e9 collect\u00e9es. C'est en principe le cas pour les donn\u00e9es qui servent \u00e0 la mise \u00e0 disposition du site web, lorsque la session respective est termin\u00e9e.<\/p>\r\n\r\n\r\n\r\n<p class=\"wp-block-paragraph\">En cas d'enregistrement des donn\u00e9es dans des fichiers journaux, cela se produit au plus tard apr\u00e8s 14 jours. Un stockage au-del\u00e0 de ce d\u00e9lai est possible. Dans ce cas, les adresses IP des utilisateurs sont rendues anonymes, de sorte qu'une attribution du client appelant n'est plus possible.<\/p>\r\n\r\n\r\n\r\n<h3 class=\"wp-block-heading\">Mise \u00e0 disposition prescrite ou n\u00e9cessaire :<\/h3>\r\n\r\n\r\n\r\n<p class=\"wp-block-paragraph\">La mise \u00e0 disposition des donn\u00e9es personnelles susmentionn\u00e9es n'est pas prescrite par la loi ou par un contrat. Toutefois, sans l'adresse IP, le service et le fonctionnement de notre site web ne sont pas garantis. En outre, certains services et prestations peuvent ne pas \u00eatre disponibles ou \u00eatre limit\u00e9s. Pour cette raison, toute opposition est exclue.<\/p>\r\n\r\n\r\n\r\n<h2 class=\"wp-block-heading\">Cookies<\/h2>\r\n\r\n\r\n\r\n<p class=\"wp-block-paragraph\">Comme de nombreux autres sites web, nous utilisons \u00e9galement des \"cookies\". Les cookies sont de petits fichiers texte qui sont enregistr\u00e9s sur votre terminal (ordinateur portable, tablette, smartphone ou autre) lorsque vous visitez notre site web.<\/p>\r\n\r\n\r\n\r\n<p class=\"wp-block-paragraph\">Vous pouvez supprimer des cookies individuels ou l'ensemble des cookies. En outre, vous pouvez obtenir des informations et des instructions sur la mani\u00e8re de supprimer ces cookies ou de bloquer leur enregistrement au pr\u00e9alable. Selon le fournisseur de votre navigateur, vous trouverez les informations n\u00e9cessaires en cliquant sur les liens ci-dessous :<\/p>\r\n\r\n\r\n\r\n<ul class=\"wp-block-list\">\r\n<li>Mozilla Firefox : <a href=\"https:\/\/support.mozilla.org\/de\/kb\/cookies-loeschen-daten-von-websites-entfernen\" target=\"_blank\" rel=\"noreferrer noopener\">https:\/\/support.mozilla.org\/de\/kb\/cookies-loeschen-daten-von-websites-entfernen<\/a><\/li>\r\n\r\n\r\n\r\n<li>Internet Explorer : <a href=\"https:\/\/support.microsoft.com\/de-de\/help\/17442\/windows-internet-explorer-delete-manage-cookies\" target=\"_blank\" rel=\"noreferrer noopener\">https:\/\/support.microsoft.com\/de-de\/help\/17442\/windows-internet-explorer-delete-manage-cookies<\/a><\/li>\r\n\r\n\r\n\r\n<li>Google Chrome : <a href=\"https:\/\/support.google.com\/accounts\/answer\/61416?hl=de\" target=\"_blank\" rel=\"noreferrer noopener\">https:\/\/support.google.com\/accounts\/answer\/61416?hl=de<\/a><\/li>\r\n\r\n\r\n\r\n<li>Op\u00e9ra : <a href=\"http:\/\/www.opera.com\/de\/help\" target=\"_blank\" rel=\"noreferrer noopener\">http:\/\/www.opera.com\/de\/help<\/a><\/li>\r\n\r\n\r\n\r\n<li>Safari : <a href=\"https:\/\/support.apple.com\/kb\/PH17191?locale=de_DE&amp;viewlocale=de_DE\" target=\"_blank\" rel=\"noreferrer noopener\">https:\/\/support.apple.com\/kb\/PH17191?locale=de_DE&amp;viewlocale=de_DE<\/a><\/li>\r\n<\/ul>\r\n\r\n\r\n\r\n<h3 class=\"wp-block-heading\">Dur\u00e9e de conservation et cookies utilis\u00e9s :<\/h3>\r\n\r\n\r\n\r\n<p class=\"wp-block-paragraph\">Dans la mesure o\u00f9 vous nous autorisez \u00e0 utiliser des cookies par le biais des param\u00e8tres de votre navigateur ou de votre consentement, les cookies suivants peuvent \u00eatre utilis\u00e9s sur nos pages web :<\/p>\r\n\r\n\r\n\r\n<h2 class=\"wp-block-heading\">Cookies techniquement n\u00e9cessaires<\/h2>\r\n\r\n\r\n\r\n<h3 class=\"wp-block-heading\">la nature et la finalit\u00e9 du traitement :<\/h3>\r\n\r\n\r\n\r\n<p class=\"wp-block-paragraph\">Nous utilisons des cookies pour rendre notre site web plus convivial. Certains \u00e9l\u00e9ments de notre site Internet exigent que le navigateur appelant puisse \u00eatre identifi\u00e9 m\u00eame apr\u00e8s un changement de page.<\/p>\r\n\r\n\r\n\r\n<p class=\"wp-block-paragraph\">Le but de l'utilisation de cookies techniquement n\u00e9cessaires est de simplifier l'utilisation des sites web pour les utilisateurs. Certaines fonctions de notre site Internet ne peuvent pas \u00eatre propos\u00e9es sans l'utilisation de cookies. Pour celles-ci, il est n\u00e9cessaire que le navigateur soit reconnu m\u00eame apr\u00e8s un changement de page.<\/p>\r\n\r\n\r\n\r\n<p class=\"wp-block-paragraph\">Nous avons besoin de cookies pour les applications suivantes :<\/p>\r\n\r\n\r\n\r\n<p class=\"wp-block-paragraph\">Panier d'achat<br>Reprise des param\u00e8tres linguistiques<br>M\u00e9moriser des termes de recherche<\/p>\r\n\r\n\r\n\r\n<h3 class=\"wp-block-heading\">Base juridique et int\u00e9r\u00eat l\u00e9gitime :<\/h3>\r\n\r\n\r\n\r\n<p class=\"wp-block-paragraph\">Le traitement est effectu\u00e9 conform\u00e9ment \u00e0 l'article 6, paragraphe 1, point f), du RGPD, sur la base de notre int\u00e9r\u00eat l\u00e9gitime \u00e0 concevoir notre site web de mani\u00e8re conviviale.<\/p>\r\n\r\n\r\n\r\n<h3 class=\"wp-block-heading\">R\u00e9cepteurs :<\/h3>\r\n\r\n\r\n\r\n<p class=\"wp-block-paragraph\">Les destinataires des donn\u00e9es sont, le cas \u00e9ch\u00e9ant, des prestataires de services techniques qui agissent en tant que sous-traitants pour l'exploitation et la maintenance de notre site web.<\/p>\r\n\r\n\r\n\r\n<h3 class=\"wp-block-heading\">Mise \u00e0 disposition prescrite ou n\u00e9cessaire :<\/h3>\r\n\r\n\r\n\r\n<p class=\"wp-block-paragraph\">La mise \u00e0 disposition des donn\u00e9es personnelles susmentionn\u00e9es n'est pas prescrite par la loi ou par un contrat. Toutefois, sans ces donn\u00e9es, le service et le fonctionnement de notre site web ne sont pas garantis. En outre, certains services et prestations peuvent ne pas \u00eatre disponibles ou \u00eatre limit\u00e9s.<\/p>\r\n\r\n\r\n\r\n<h3 class=\"wp-block-heading\">Opposition<\/h3>\r\n\r\n\r\n\r\n<p class=\"wp-block-paragraph\">Lisez \u00e0 ce sujet les informations sur votre droit d'opposition selon l'article 21 du RGPD ci-dessous.<\/p>\r\n\r\n\r\n\r\n<h2 class=\"wp-block-heading\">Formulaire de contact<\/h2>\r\n\r\n\r\n\r\n<h3 class=\"wp-block-heading\">la nature et la finalit\u00e9 du traitement :<\/h3>\r\n\r\n\r\n\r\n<p class=\"wp-block-paragraph\">Les donn\u00e9es que vous avez saisies sont enregistr\u00e9es dans le but de communiquer individuellement avec vous. Pour cela, il est n\u00e9cessaire d'indiquer une adresse e-mail valide ainsi que votre nom. Celle-ci sert \u00e0 l'attribution de la demande et \u00e0 la r\u00e9ponse ult\u00e9rieure \u00e0 celle-ci. L'indication d'autres donn\u00e9es est facultative.<\/p>\r\n\r\n\r\n\r\n<h3 class=\"wp-block-heading\">Base juridique :<\/h3>\r\n\r\n\r\n\r\n<p class=\"wp-block-paragraph\">Le traitement des donn\u00e9es saisies dans le formulaire de contact se fonde sur un int\u00e9r\u00eat l\u00e9gitime (article 6, paragraphe 1, point f du RGPD).<\/p>\r\n\r\n\r\n\r\n<p class=\"wp-block-paragraph\">En mettant \u00e0 disposition le formulaire de contact, nous souhaitons vous permettre de nous contacter facilement. Vos donn\u00e9es sont enregistr\u00e9es dans le but de traiter votre demande et de r\u00e9pondre \u00e0 d'\u00e9ventuelles questions.<\/p>\r\n\r\n\r\n\r\n<p class=\"wp-block-paragraph\">Si vous nous contactez pour demander une offre, le traitement des donn\u00e9es saisies dans le formulaire de contact a lieu pour l'ex\u00e9cution de mesures pr\u00e9contractuelles (article 6, paragraphe 1, point b) du RGPD).<\/p>\r\n\r\n\r\n\r\n<h3 class=\"wp-block-heading\">R\u00e9cepteurs :<\/h3>\r\n\r\n\r\n\r\n<p class=\"wp-block-paragraph\">Les destinataires des donn\u00e9es sont, le cas \u00e9ch\u00e9ant, des sous-traitants.<\/p>\r\n\r\n\r\n\r\n<h3 class=\"wp-block-heading\">Dur\u00e9e de conservation :<\/h3>\r\n\r\n\r\n\r\n<p class=\"wp-block-paragraph\">Les donn\u00e9es sont effac\u00e9es au plus tard 6 mois apr\u00e8s le traitement de la demande.<\/p>\r\n\r\n\r\n\r\n<p class=\"wp-block-paragraph\">Dans la mesure o\u00f9 il y a une relation contractuelle, nous sommes soumis aux d\u00e9lais de conservation l\u00e9gaux selon le code de commerce allemand et nous supprimons vos donn\u00e9es apr\u00e8s l'expiration de ces d\u00e9lais.<\/p>\r\n\r\n\r\n\r\n<h3 class=\"wp-block-heading\">Mise \u00e0 disposition prescrite ou n\u00e9cessaire :<\/h3>\r\n\r\n\r\n\r\n<p class=\"wp-block-paragraph\">La fourniture de vos donn\u00e9es personnelles est volontaire. Nous ne pouvons toutefois traiter votre demande que si vous nous communiquez votre nom, votre adresse e-mail et le motif de votre demande.<\/p>\r\n\r\n\r\n\r\n<h2 class=\"wp-block-heading\">Utilisation de biblioth\u00e8ques de scripts (Google Webfonts)<\/h2>\r\n\r\n\r\n\r\n<p class=\"wp-block-paragraph\">Afin d'afficher nos contenus correctement et de mani\u00e8re graphique sur tous les navigateurs, nous utilisons sur ce site web les \"Google Web Fonts\" de Google LLC (1600 Amphitheatre Parkway, Mountain View, CA 94043, USA ; ci-apr\u00e8s \"Google\") pour afficher des polices de caract\u00e8res.<\/p>\r\n\r\n\r\n\r\n<p class=\"wp-block-paragraph\">Pour plus d'informations sur Google Web Fonts, voir <a href=\"https:\/\/developers.google.com\/fonts\/faq\" rel=\"noreferrer noopener\" target=\"_blank\">https:\/\/developers.google.com\/fonts\/faq<\/a> et dans la d\u00e9claration de confidentialit\u00e9 de Google : <a href=\"https:\/\/www.google.com\/policies\/privacy\/\" rel=\"noreferrer noopener\" target=\"_blank\">https:\/\/www.google.com\/policies\/privacy\/<\/a>.<\/p>\r\n\r\n\r\n\r\n<h2 class=\"wp-block-heading\">Utilisation de Google Maps<\/h2>\r\n\r\n\r\n\r\n<p class=\"wp-block-paragraph\">Sur ce site web, nous utilisons l'offre de Google Maps. Google Maps est exploit\u00e9 par Google LLC, 1600 Amphitheatre Parkway, Mountain View, CA 94043, USA (ci-apr\u00e8s \"Google\"). Cela nous permet d'afficher des cartes interactives directement sur le site web et vous permet d'utiliser confortablement la fonction de carte.<br>Pour plus d'informations sur le traitement des donn\u00e9es par Google, veuillez consulter les informations sur la protection des donn\u00e9es de Google : <a href=\"https:\/\/policies.google.com\/privacy\" rel=\"noreferrer noopener\" target=\"_blank\">https:\/\/policies.google.com\/privacy<\/a>. Vous pouvez \u00e9galement y modifier vos param\u00e8tres personnels de protection des donn\u00e9es dans le centre de protection des donn\u00e9es.<\/p>\r\n\r\n\r\n\r\n<p class=\"wp-block-paragraph\">Vous trouverez ici des instructions d\u00e9taill\u00e9es sur la gestion de vos propres donn\u00e9es en relation avec les produits Google : <a href=\"https:\/\/www.dataliberation.org\/\" rel=\"noreferrer noopener\" target=\"_blank\">https:\/\/www.dataliberation.org<\/a><\/p>\r\n\r\n\r\n\r\n<p class=\"wp-block-paragraph\">Lors de la visite du site web, Google re\u00e7oit des informations indiquant que vous avez consult\u00e9 la sous-page correspondante de notre site web. Cela se produit ind\u00e9pendamment du fait que Google mette \u00e0 disposition un compte d'utilisateur par lequel vous \u00eates connect\u00e9 ou qu'il n'existe pas de compte d'utilisateur. Si vous \u00eates connect\u00e9 \u00e0 Google, vos donn\u00e9es seront directement attribu\u00e9es \u00e0 votre compte.<\/p>\r\n\r\n\r\n\r\n<p class=\"wp-block-paragraph\">Si vous ne souhaitez pas que votre profil soit associ\u00e9 \u00e0 Google, vous devez vous d\u00e9connecter de Google avant d'activer le bouton. Google enregistre vos donn\u00e9es en tant que profils d'utilisation et les utilise \u00e0 des fins de publicit\u00e9, d'\u00e9tude de march\u00e9 et\/ou de conception de ses sites web en fonction des besoins. Une telle \u00e9valuation a lieu en particulier (m\u00eame pour les utilisateurs non connect\u00e9s) pour fournir une publicit\u00e9 adapt\u00e9e aux besoins et pour informer d'autres utilisateurs du r\u00e9seau social de vos activit\u00e9s sur notre site web. Vous disposez d'un droit d'opposition \u00e0 la cr\u00e9ation de ces profils d'utilisateurs, que vous devez exercer en vous adressant \u00e0 Google.<\/p>\r\n\r\n\r\n\r\n<h3 class=\"wp-block-heading\">R\u00e9vocation du consentement :<\/h3>\r\n\r\n\r\n\r\n<p class=\"wp-block-paragraph\">Le fournisseur n'offre actuellement aucune possibilit\u00e9 d'opt-out simple ou de blocage de la transmission de donn\u00e9es. Si vous souhaitez emp\u00eacher le suivi de vos activit\u00e9s sur notre site web, veuillez r\u00e9voquer votre consentement dans l'outil de consentement aux cookies pour la cat\u00e9gorie de cookies correspondante ou pour tous les cookies et transferts de donn\u00e9es qui ne sont pas n\u00e9cessaires d'un point de vue technique. Dans ce cas, il se peut toutefois que vous ne puissiez pas utiliser notre site web ou seulement de mani\u00e8re limit\u00e9e.<\/p>\r\n\r\n\r\n\r\n<h2 class=\"wp-block-heading\">Vid\u00e9os YouTube int\u00e9gr\u00e9es<\/h2>\r\n\r\n\r\n\r\n<p class=\"wp-block-paragraph\">Sur notre site web, nous int\u00e9grons des vid\u00e9os YouTube. L'exploitant des plugins correspondants est YouTube, LLC, 901 Cherry Ave., San Bruno, CA 94066, USA (ci-apr\u00e8s \"YouTube\"). YouTube, LLC est une filiale de Google LLC, 1600 Amphitheatre Pkwy, Mountain View, CA 94043, USA (ci-apr\u00e8s \"Google\"). Lorsque vous visitez une page avec le plug-in YouTube, une connexion est \u00e9tablie avec les serveurs de YouTube. YouTube est alors inform\u00e9 des pages que vous visitez. Si vous \u00eates connect\u00e9 \u00e0 votre compte YouTube, YouTube peut vous attribuer personnellement votre comportement de navigation. Vous pouvez \u00e9viter cela en vous d\u00e9connectant au pr\u00e9alable de votre compte YouTube.<\/p>\r\n\r\n\r\n\r\n<p class=\"wp-block-paragraph\">Lorsqu'une vid\u00e9o YouTube est lanc\u00e9e, le fournisseur utilise des cookies qui collectent des informations sur le comportement de l'utilisateur.<\/p>\r\n\r\n\r\n\r\n<p class=\"wp-block-paragraph\">Pour plus d'informations sur l'objectif et l'\u00e9tendue de la collecte de donn\u00e9es et de leur traitement par YouTube, veuillez consulter la d\u00e9claration de confidentialit\u00e9 du fournisseur. Vous y trouverez \u00e9galement des informations sur vos droits en la mati\u00e8re et les possibilit\u00e9s de param\u00e9trage pour prot\u00e9ger votre vie priv\u00e9e (<a href=\"https:\/\/policies.google.com\/privacy\">https:\/\/policies.google.com\/privacy<\/a>).<\/p>\r\n\r\n\r\n\r\n<h3 class=\"wp-block-heading\">R\u00e9vocation du consentement :<\/h3>\r\n\r\n\r\n\r\n<p class=\"wp-block-paragraph\">Le fournisseur n'offre actuellement aucune possibilit\u00e9 d'opt-out simple ou de blocage de la transmission de donn\u00e9es. Si vous souhaitez emp\u00eacher le suivi de vos activit\u00e9s sur notre site web, veuillez r\u00e9voquer votre consentement dans l'outil de consentement aux cookies pour la cat\u00e9gorie de cookies correspondante ou pour tous les cookies et transferts de donn\u00e9es qui ne sont pas n\u00e9cessaires d'un point de vue technique. Dans ce cas, il se peut toutefois que vous ne puissiez pas utiliser notre site web ou seulement de mani\u00e8re limit\u00e9e.<\/p>\r\n\r\n\r\n\r\n<h2 class=\"wp-block-heading\">Cryptage SSL<\/h2>\r\n\r\n\r\n\r\n<p class=\"wp-block-paragraph\">Afin de prot\u00e9ger la s\u00e9curit\u00e9 de vos donn\u00e9es lors de leur transmission, nous utilisons des proc\u00e9dures de cryptage conformes \u00e0 l'\u00e9tat actuel de la technique (par ex. SSL) via HTTPS.<\/p>\r\n\r\n\r\n\r\n<hr class=\"wp-block-separator has-css-opacity\"\/>\r\n\r\n\r\n\r\n<h2 class=\"wp-block-heading\">Information sur votre droit d'opposition selon l'article 21 du RGPD<\/h2>\r\n\r\n\r\n\r\n<h3 class=\"wp-block-heading\">Droit d'opposition au cas par cas<\/h3>\r\n\r\n\r\n\r\n<p class=\"wp-block-paragraph\">Vous avez le droit de vous opposer \u00e0 tout moment, pour des raisons tenant \u00e0 votre situation particuli\u00e8re, au traitement des donn\u00e9es \u00e0 caract\u00e8re personnel vous concernant effectu\u00e9 sur la base de l'article 6, paragraphe 1, point f), du RGPD (traitement des donn\u00e9es sur la base d'une mise en balance des int\u00e9r\u00eats) ; cela vaut \u00e9galement pour le profilage fond\u00e9 sur cette disposition au sens de l'article 4, point 4, du RGPD.<\/p>\r\n\r\n\r\n\r\n<p class=\"wp-block-paragraph\">Si vous vous y opposez, nous ne traiterons plus vos donn\u00e9es \u00e0 caract\u00e8re personnel, \u00e0 moins que nous puissions d\u00e9montrer qu'il existe des motifs l\u00e9gitimes et imp\u00e9rieux pour le traitement qui pr\u00e9valent sur vos int\u00e9r\u00eats, vos droits et vos libert\u00e9s, ou que le traitement sert \u00e0 faire valoir, \u00e0 exercer ou \u00e0 d\u00e9fendre des droits en justice.<\/p>\r\n\r\n\r\n\r\n<h3 class=\"wp-block-heading\">Destinataire d'une opposition<\/h3>\r\n\r\n\r\n\r\n<p class=\"wp-block-paragraph\">Soci\u00e9t\u00e9 des sciences naturelles de Zweibr\u00fccken e.V.<br>Dr. rer.nat. Walter Arnold<br>Amerikastrasse 1<br>66482 Zweibr\u00fccken<\/p>\r\n\r\n\r\n\r\n<hr class=\"wp-block-separator has-css-opacity\"\/>\r\n\r\n\r\n\r\n<h2 class=\"wp-block-heading\">Modification de notre politique de confidentialit\u00e9<\/h2>\r\n\r\n\r\n\r\n<p class=\"wp-block-paragraph\">Nous nous r\u00e9servons le droit d'adapter cette d\u00e9claration de protection des donn\u00e9es afin qu'elle corresponde toujours aux exigences l\u00e9gales actuelles ou afin de mettre en \u0153uvre des modifications de nos prestations dans la d\u00e9claration de protection des donn\u00e9es, par exemple lors de l'introduction de nouveaux services. La nouvelle d\u00e9claration de protection des donn\u00e9es s'appliquera alors \u00e0 votre nouvelle visite.<\/p>\r\n\r\n\r\n\r\n<h2 class=\"wp-block-heading\">Questions au d\u00e9l\u00e9gu\u00e9 \u00e0 la protection des donn\u00e9es<\/h2>\r\n\r\n\r\n\r\n<p class=\"wp-block-paragraph\">Si vous avez des questions concernant la protection des donn\u00e9es, veuillez nous envoyer un e-mail ou vous adresser directement \u00e0 la personne responsable de la protection des donn\u00e9es dans notre organisation :<\/p>\r\n\r\n\r\n\r\n<p class=\"wp-block-paragraph\">Soci\u00e9t\u00e9 des sciences naturelles de Zweibr\u00fccken e.V.<br>Dr. rer.nat. Walter Arnold<br>Amerikastrasse 1<br>66482 Zweibr\u00fccken<\/p>\r\n\r\n\r\n\r\n<p class=\"wp-block-paragraph\"><em>La d\u00e9claration de protection des donn\u00e9es a \u00e9t\u00e9 r\u00e9dig\u00e9e avec l'aide d'activeMind AG, les experts en mati\u00e8re de protection des donn\u00e9es. <a href=\"https:\/\/www.activemind.de\/datenschutz\/datenschutzbeauftragter\/\" target=\"_blank\" rel=\"noreferrer noopener\">d\u00e9l\u00e9gu\u00e9s \u00e0 la protection des donn\u00e9es externes<\/a> (version #2020-09-30).<\/em><\/p>","protected":false},"excerpt":{"rendered":"<p>Ma\u00dfgebend ist die deutsche Version. Verantwortlicher im Sinne der Datenschutzgesetze, insbesondere der EU-Datenschutzgrundverordnung (DSGVO), ist: Naturwissenschaftlicher Verein zu Zweibr\u00fccken e.V.Dr. rer.nat. Walter ArnoldAmerikastra\u00dfe 166482 Zweibr\u00fccken Ihre Betroffenenrechte Unter den angegebenen Kontaktdaten unseres Datenschutzbeauftragten k\u00f6nnen&#46;&#46;&#46;<\/p>","protected":false},"author":7,"featured_media":0,"parent":0,"menu_order":0,"comment_status":"closed","ping_status":"open","template":"","meta":{"_crdt_document":"","footnotes":""},"class_list":["post-7","page","type-page","status-publish","hentry"],"_links":{"self":[{"href":"https:\/\/sternwarte-zweibruecken.de\/fr\/wp-json\/wp\/v2\/pages\/7","targetHints":{"allow":["GET"]}}],"collection":[{"href":"https:\/\/sternwarte-zweibruecken.de\/fr\/wp-json\/wp\/v2\/pages"}],"about":[{"href":"https:\/\/sternwarte-zweibruecken.de\/fr\/wp-json\/wp\/v2\/types\/page"}],"author":[{"embeddable":true,"href":"https:\/\/sternwarte-zweibruecken.de\/fr\/wp-json\/wp\/v2\/users\/7"}],"replies":[{"embeddable":true,"href":"https:\/\/sternwarte-zweibruecken.de\/fr\/wp-json\/wp\/v2\/comments?post=7"}],"version-history":[{"count":7,"href":"https:\/\/sternwarte-zweibruecken.de\/fr\/wp-json\/wp\/v2\/pages\/7\/revisions"}],"predecessor-version":[{"id":2515,"href":"https:\/\/sternwarte-zweibruecken.de\/fr\/wp-json\/wp\/v2\/pages\/7\/revisions\/2515"}],"wp:attachment":[{"href":"https:\/\/sternwarte-zweibruecken.de\/fr\/wp-json\/wp\/v2\/media?parent=7"}],"curies":[{"name":"wp","href":"https:\/\/api.w.org\/{rel}","templated":true}]}}