{"id":40,"date":"2019-01-16T13:43:14","date_gmt":"2019-01-16T12:43:14","guid":{"rendered":"http:\/\/10.3.60.169\/nawi\/?page_id=40"},"modified":"2022-09-28T15:49:36","modified_gmt":"2022-09-28T15:49:36","slug":"mentions-legales","status":"publish","type":"page","link":"https:\/\/sternwarte-zweibruecken.de\/fr\/impressum","title":{"rendered":"Mentions l\u00e9gales"},"content":{"rendered":"<p class=\"wp-block-paragraph\">L'observatoire populaire est une institution de l'association des sciences naturelles de Zweibr\u00fccken.<br>Elle est exploit\u00e9e et g\u00e9r\u00e9e par cette association.&nbsp;<\/p>\n\n\n\n<p class=\"wp-block-paragraph\"><strong>Responsable de ce site web<\/strong><\/p>\n\n\n\n<p class=\"wp-block-paragraph\">Soci\u00e9t\u00e9 des sciences naturelles de Zweibr\u00fccken e.V.<br>Dr. rer.nat. Walter Arnold<br>Amerikastrasse 1<br>66482 Zweibr\u00fccken <\/p>\n\n\n\n<p class=\"wp-block-paragraph\">Courrier \u00e9lectronique : info@nawi-zw.de<\/p>\n\n\n\n<p class=\"wp-block-paragraph\">Enregistr\u00e9 au tribunal d'instance de Zweibr\u00fccken - VR787Z&nbsp;<br>Coordonn\u00e9es bancaires : Sparkasse S\u00fcdwestpfalz, BLZ : 542 500 10, num\u00e9ro de compte : 75 036 640&nbsp; <br> <\/p>","protected":false},"excerpt":{"rendered":"<p>Die Volkssternwarte ist eine Einrichtung des Naturwissenschaftlichen Vereins zu Zweibr\u00fccken.Sie wird von diesem Verein betrieben und verwaltet.&nbsp; Verantwortlich f\u00fcr diese Website Naturwissenschaftlicher Verein zu Zweibr\u00fccken e.V.Dr. rer.nat. Walter ArnoldAmerikastra\u00dfe 166482 Zweibr\u00fccken E-Mail: info@nawi-zw.de Eingetragen&#46;&#46;&#46;<\/p>","protected":false},"author":7,"featured_media":0,"parent":0,"menu_order":0,"comment_status":"closed","ping_status":"closed","template":"","meta":{"_crdt_document":"","footnotes":""},"class_list":["post-40","page","type-page","status-publish","hentry"],"_links":{"self":[{"href":"https:\/\/sternwarte-zweibruecken.de\/fr\/wp-json\/wp\/v2\/pages\/40","targetHints":{"allow":["GET"]}}],"collection":[{"href":"https:\/\/sternwarte-zweibruecken.de\/fr\/wp-json\/wp\/v2\/pages"}],"about":[{"href":"https:\/\/sternwarte-zweibruecken.de\/fr\/wp-json\/wp\/v2\/types\/page"}],"author":[{"embeddable":true,"href":"https:\/\/sternwarte-zweibruecken.de\/fr\/wp-json\/wp\/v2\/users\/7"}],"replies":[{"embeddable":true,"href":"https:\/\/sternwarte-zweibruecken.de\/fr\/wp-json\/wp\/v2\/comments?post=40"}],"version-history":[{"count":7,"href":"https:\/\/sternwarte-zweibruecken.de\/fr\/wp-json\/wp\/v2\/pages\/40\/revisions"}],"predecessor-version":[{"id":1003,"href":"https:\/\/sternwarte-zweibruecken.de\/fr\/wp-json\/wp\/v2\/pages\/40\/revisions\/1003"}],"wp:attachment":[{"href":"https:\/\/sternwarte-zweibruecken.de\/fr\/wp-json\/wp\/v2\/media?parent=40"}],"curies":[{"name":"wp","href":"https:\/\/api.w.org\/{rel}","templated":true}]}}