{"id":3693,"date":"2026-04-02T12:46:18","date_gmt":"2026-04-02T12:46:18","guid":{"rendered":"https:\/\/sternwarte-zweibruecken.de\/?page_id=3693"},"modified":"2026-04-02T12:46:18","modified_gmt":"2026-04-02T12:46:18","slug":"archives-2023-evenements","status":"publish","type":"page","link":"https:\/\/sternwarte-zweibruecken.de\/fr\/veranstaltungen\/archiv-2023-veranstaltungen","title":{"rendered":"Archives 2023 - \u00c9v\u00e9nements"},"content":{"rendered":"<p class=\"has-black-color has-text-color has-link-color has-medium-font-size wp-elements-7ff7bf7a190865bca7079c14c3c0b541 wp-block-paragraph\"><strong>Mercredi 29.11.2023, 19h00, Audimax<br>Rainer Kresken (Ing\u00e9nieur spatial, ESA\/ESOC, Darmstadt)<\/strong><br><strong>Planetary Defence : comment apprendre aux ast\u00e9ro\u00efdes \u00e0 garder leurs distances ?<\/strong><\/p>\r\n\r\n\r\n\r\n<p class=\"has-black-color has-text-color has-link-color has-medium-font-size wp-elements-fc7667ef0761434753980e024922caaa wp-block-paragraph\">Rester toujours \u00e0 1,5 m\u00e8tre de distance - cela a pu aider efficacement ces derni\u00e8res ann\u00e9es contre la menace globale des virus et sauver des vies. Cette distance ne devrait toutefois pas suffire contre la menace globale des impacts d'ast\u00e9ro\u00efdes. L'expos\u00e9 pr\u00e9sentera des id\u00e9es sur la mani\u00e8re dont une d\u00e9fense contre les petites plan\u00e8tes pourrait fonctionner, afin que nous ne subissions pas le m\u00eame sort que les dinosaures autrefois. Rainer Kresken est directeur de l'observatoire Starkenburg \u00e0 Heppenheim et ing\u00e9nieur en astronautique au centre de contr\u00f4le europ\u00e9en ESOC \u00e0 Darmstadt. C'est l\u00e0 qu'il recherche pour l'Agence spatiale europ\u00e9enne (ESA) les ast\u00e9ro\u00efdes qui pourraient \u00eatre dangereux pour la Terre.<br><br>Plus d'informations sous :<br><a href=\"https:\/\/www.starkenburg-sternwarte.de\/vorstand\/\" target=\"_blank\" rel=\"noreferrer noopener\">https:\/\/www.starkenburg-sternwarte.de\/vorstand\/<\/a><\/p>\r\n\r\n\r\n\r\n<p class=\"has-small-font-size wp-block-paragraph\"><\/p>\r\n\r\n\r\n<hr>\r\n\r\n\r\n<p class=\"has-black-color has-text-color has-link-color has-medium-font-size wp-elements-5e0852c4362c177d1cbfe7d08f3046c7 wp-block-paragraph\"><strong>Mercredi 15.11.2023, 19h00, Audimax<br>Dr. Christian Theis (directeur et g\u00e9rant du plan\u00e9tarium de Mannheim)<\/strong><br><strong>L'avenir de l'univers<\/strong><\/p>\r\n\r\n\r\n\r\n<p class=\"has-black-color has-text-color has-link-color has-medium-font-size wp-elements-eeb3e9648990507a30b27918e53a64f2 wp-block-paragraph\">L'astronomie a pour habitude de regarder vers le pass\u00e9. Dans cet expos\u00e9, nous nous tournerons vers l'avenir de l'univers, sur la base de notre vision actuelle du monde et des lois naturelles que nous connaissons. L'expos\u00e9 commencera donc par un r\u00e9sum\u00e9 de ce qui s'est pass\u00e9 dans l'univers jusqu'\u00e0 pr\u00e9sent, suivi d'un aper\u00e7u des \u00e9v\u00e9nements \u00e0 venir dans un avenir proche et lointain. L'accent sera mis sur l'\u00e9volution de la Terre et du syst\u00e8me solaire ainsi que de notre galaxie, la Voie lact\u00e9e. Ensuite, nous \u00e9largirons notre vision et nous nous demanderons quand la lumi\u00e8re (stellaire) s'\u00e9teindra dans l'univers, quand et comment les derni\u00e8res \u00e9toiles du cosmos se formeront et ce que deviendront les galaxies. Enfin, nous nous demanderons ce qu'il restera dans cet univers apr\u00e8s des \u00e9ons.<\/p>\r\n\r\n\r\n\r\n<p class=\"has-black-color has-text-color has-link-color has-medium-font-size wp-elements-ef64bfa319da2201ad9df576fa7d7fcb wp-block-paragraph\">Plus d'informations sous :<br><a href=\"https:\/\/www.planetarium-mannheim.de\/\" target=\"_blank\" rel=\"noreferrer noopener\">https:\/\/www.planetarium-mannheim.de\/<\/a><br><a href=\"https:\/\/www.mannheim.de\/de\/presse\/erfolgreiche-kontinuitaet-im-planetarium-mannheim-dr-christian-theis-setzt-vertrag-fort\">https:\/\/www.mannheim.de\/de\/presse\/erfolgreiche-kontinuitaet-im-planetarium-mannheim-dr-christian-theis-setzt-vertrag-fort<\/a><\/p>\r\n\r\n\r\n\r\n<p class=\"has-black-color has-text-color has-link-color has-medium-font-size wp-elements-9cb60e9a0f135c3f11747b6e1e3775c1 wp-block-paragraph\"><\/p>\r\n\r\n\r\n<hr>\r\n\r\n<div class=\"wp-block-image\">\r\n<figure class=\"aligncenter size-large is-resized\"><img loading=\"lazy\" decoding=\"async\" width=\"1024\" height=\"351\" src=\"https:\/\/sternwarte-zweibruecken.de\/wp-content\/uploads\/2023\/10\/VdS_Astronomietag-2023_Banner-Allgemein_2560x877-1024x351.jpg\" alt=\"\" class=\"wp-image-2224\" style=\"width:566px;height:auto\" srcset=\"https:\/\/sternwarte-zweibruecken.de\/wp-content\/uploads\/2023\/10\/VdS_Astronomietag-2023_Banner-Allgemein_2560x877-1024x351.jpg 1024w, https:\/\/sternwarte-zweibruecken.de\/wp-content\/uploads\/2023\/10\/VdS_Astronomietag-2023_Banner-Allgemein_2560x877-300x103.jpg 300w, https:\/\/sternwarte-zweibruecken.de\/wp-content\/uploads\/2023\/10\/VdS_Astronomietag-2023_Banner-Allgemein_2560x877-768x263.jpg 768w, https:\/\/sternwarte-zweibruecken.de\/wp-content\/uploads\/2023\/10\/VdS_Astronomietag-2023_Banner-Allgemein_2560x877-1536x526.jpg 1536w, https:\/\/sternwarte-zweibruecken.de\/wp-content\/uploads\/2023\/10\/VdS_Astronomietag-2023_Banner-Allgemein_2560x877-2048x702.jpg 2048w\" sizes=\"auto, (max-width: 1024px) 100vw, 1024px\" \/><\/figure>\r\n<\/div>\r\n\r\n\r\n<p class=\"has-black-color has-text-color has-link-color has-medium-font-size wp-elements-9cb60e9a0f135c3f11747b6e1e3775c1 wp-block-paragraph\"><\/p>\r\n\r\n\r\n\r\n<p class=\"has-black-color has-text-color has-link-color has-medium-font-size wp-elements-815c9d7859cd17603a3ce0000dcf19f4 wp-block-paragraph\"><strong>Journ\u00e9e de l'astronomie et \u00e9clipse partielle de Lune le 28 octobre 2023<\/strong><\/p>\r\n\r\n\r\n\r\n<p class=\"has-black-color has-text-color has-link-color has-medium-font-size wp-elements-ca51a8f63bfd18b531e5e21ba4f9ee40 wp-block-paragraph\">\u00c0 l'occasion de la journ\u00e9e de l'astronomie de l'ann\u00e9e scientifique 2023 et de l'\u00e9clipse partielle de lune, l'observatoire ouvrira ses portes \u00e0 20 heures, \u00e0 condition que le ciel nocturne soit obligatoirement d\u00e9gag\u00e9.<\/p>\r\n\r\n\r\n\r\n<p class=\"has-black-color has-text-color has-link-color has-medium-font-size wp-elements-ef2c368a6469d24d66f7c2bb53deacd3 wp-block-paragraph\">Sous la direction et l'explication d'un sp\u00e9cialiste, il est possible d'observer l'\u00e9clipse partielle de lune \u00e0 travers notre t\u00e9lescope.<\/p>\r\n\r\n\r\n\r\n<p class=\"has-black-color has-text-color has-link-color has-medium-font-size wp-elements-5ad7f553e04c995f30af6a351f1a9208 wp-block-paragraph\">Ind\u00e9pendamment de la m\u00e9t\u00e9o, un concert aura lieu \u00e0 18 heures au <a href=\"https:\/\/sternwarte-zweibruecken.de\/wp-content\/uploads\/2023\/08\/Lageplan-mit-N-Kapelle-Website.png\">Auditoire N101 dans la chapelle<\/a> (Premier rond-point sur le campus en venant du centre-ville, \u00e0 droite) une conf\u00e9rence aura lieu.<br>Le conf\u00e9rencier est M. Martin Bertges, responsable du groupe de travail Astronomie et G\u00e9ophysique au <a href=\"https:\/\/www.museumsportal-rlp.de\/museen\/urweltmuseum-geoskop\">Mus\u00e9e de la pr\u00e9histoire Geoskop<\/a> au ch\u00e2teau de Lichtenberg pr\u00e8s de Kusel.<\/p>\r\n\r\n\r\n\r\n<p class=\"has-black-color has-text-color has-link-color has-medium-font-size wp-elements-2c4093af00e6be6dd3a7a6de2296314b wp-block-paragraph\">th\u00e8me : <strong>Prochain arr\u00eat Lune - La nouvelle course ? <\/strong><strong>Dans les ann\u00e9es \u00e0 venir, l'homme devrait \u00e0 nouveau marcher sur la Lune, une nouvelle station spatiale devrait \u00eatre construite \u00e0 cet effet et pourra \u00e9galement \u00eatre utilis\u00e9e pour d'autres missions. A quoi cela ressemblera-t-il et quels en seront les avantages pour les habitants de la Terre ?<\/strong><\/p>\r\n\r\n\r\n<div class=\"wp-block-image\">\r\n<figure class=\"aligncenter size-large is-resized\"><a href=\"https:\/\/sternwarte-zweibruecken.de\/wp-content\/uploads\/2023\/10\/artemis_i_orion_opf-scaled.jpg\"><img loading=\"lazy\" decoding=\"async\" width=\"1024\" height=\"768\" src=\"https:\/\/sternwarte-zweibruecken.de\/wp-content\/uploads\/2023\/10\/artemis_i_orion_opf-1024x768.jpg\" alt=\"\" class=\"wp-image-2225\" style=\"width:429px;height:auto\" srcset=\"https:\/\/sternwarte-zweibruecken.de\/wp-content\/uploads\/2023\/10\/artemis_i_orion_opf-1024x768.jpg 1024w, https:\/\/sternwarte-zweibruecken.de\/wp-content\/uploads\/2023\/10\/artemis_i_orion_opf-300x225.jpg 300w, https:\/\/sternwarte-zweibruecken.de\/wp-content\/uploads\/2023\/10\/artemis_i_orion_opf-768x576.jpg 768w, https:\/\/sternwarte-zweibruecken.de\/wp-content\/uploads\/2023\/10\/artemis_i_orion_opf-1536x1152.jpg 1536w, https:\/\/sternwarte-zweibruecken.de\/wp-content\/uploads\/2023\/10\/artemis_i_orion_opf-2048x1536.jpg 2048w\" sizes=\"auto, (max-width: 1024px) 100vw, 1024px\" \/><\/a><figcaption class=\"wp-element-caption\">Artemis et la Lune, source : NASA, 2022.<\/figcaption><\/figure>\r\n<\/div>\r\n\r\n\r\n<p class=\"has-black-color has-text-color has-link-color has-medium-font-size wp-elements-21885b4e69a8aa2c9158358c569d0aeb wp-block-paragraph\">L'entr\u00e9e est gratuite et il n'est pas n\u00e9cessaire de s'inscrire \u00e0 l'avance.<\/p>\r\n\r\n\r\n<hr>\r\n\r\n\r\n<p class=\"has-black-color has-text-color has-link-color has-medium-font-size wp-elements-d6ab4c11cbea28c9998f838e0d63db4b wp-block-paragraph\"><strong>La nuit des \u00e9toiles filantes - Observation des Pers\u00e9ides dans la nuit du 12\/13 ao\u00fbt 2023<\/strong><\/p>\r\n\r\n\r\n\r\n<p class=\"has-black-color has-text-color has-medium-font-size wp-block-paragraph\">Nous y sommes \u00e0 nouveau. Dans la nuit du 12 au 13 ao\u00fbt aura lieu le maximum des Pers\u00e9ides de cette ann\u00e9e. Le taux le plus \u00e9lev\u00e9, avec jusqu'\u00e0 100 \u00e9toiles filantes par heure, est attendu vers le matin du 13.<\/p>\r\n\r\n\r\n\r\n<p class=\"has-black-color has-text-color has-medium-font-size wp-block-paragraph\">\u00c0 condition que le ciel nocturne soit d\u00e9gag\u00e9, nous ouvrons notre observatoire \u00e0 partir de 21 heures. Sous la direction et les explications d'un expert, nous proposons, \u00e0 la tomb\u00e9e de la nuit, un regard \u00e0 travers notre t\u00e9lescope sur les objets et la beaut\u00e9 du ciel nocturne estival.<\/p>\r\n\r\n\r\n\r\n<p class=\"has-black-color has-text-color has-medium-font-size wp-block-paragraph\">Ind\u00e9pendamment du temps, une conf\u00e9rence du Dr Rolf-Dieter Schad, de l'observatoire de Zweibr\u00fccken, aura lieu \u00e0 20 heures dans l'amphith\u00e9\u00e2tre N101 de la chapelle (premier rond-point sur le campus en venant du centre-ville, \u00e0 droite). Th\u00e8me : <strong>Notre univers<\/strong><\/p>\r\n\r\n\r\n\r\n<p class=\"has-black-color has-text-color has-medium-font-size wp-block-paragraph\"><strong>Univers I - Notre syst\u00e8me solaire, en tenant compte bien s\u00fbr des flux de m\u00e9t\u00e9ores, notamment des Pers\u00e9ides.<\/strong><\/p>\r\n\r\n\r\n\r\n<p class=\"has-black-color has-text-color has-medium-font-size wp-block-paragraph\">Pour l'observation personnelle des Pers\u00e9ides sur les espaces verts autour de l'observatoire, il est recommand\u00e9 de se munir d'un matelas de sol ou d'une couverture et de porter des v\u00eatements appropri\u00e9s pour les nuits qui se rafra\u00eechissent d\u00e9j\u00e0. Il est \u00e9galement recommand\u00e9 de se munir de jumelles pour une promenade visuelle dans le ciel.<\/p>\r\n\r\n\r\n\r\n<p class=\"has-black-color has-text-color has-medium-font-size wp-block-paragraph\">Pour plus de d\u00e9tails sur les Pers\u00e9ides, voir les pr\u00e9visions c\u00e9lestes pour le <a href=\"https:\/\/sternwarte-zweibruecken.de\/fr\/archive\/2062\/\">Ao\u00fbt<\/a>.<\/p>\r\n\r\n\r\n<hr>\r\n\r\n\r\n<p class=\"has-black-color has-text-color has-medium-font-size wp-block-paragraph\"><strong>Tour d'Allemagne - RAMOTS visite l'observatoire de Zweibr\u00fccken<\/strong><\/p>\r\n\r\n\r\n\r\n<p class=\"has-black-color has-text-color has-medium-font-size wp-block-paragraph\">Le groupe de jeunes de l'association d'astronomie Bodensee e.V., appel\u00e9 \"Bodenseesternwarte\", a construit avec environ 25 jeunes le plus grand syst\u00e8me de suivi mobile d'Europe pour les objets c\u00e9lestes et terrestres en mouvement, appel\u00e9 RAMOTS.<\/p>\r\n\r\n\r\n\r\n<p class=\"has-black-color has-text-color has-medium-font-size wp-block-paragraph\">RAMOTS signifie \"<em>Syst\u00e8me automatique de suivi des objets en mouvement en temps r\u00e9el<\/em>\". Il s'agit d'un grand t\u00e9lescope mont\u00e9 sur une remorque. Le t\u00e9lescope peut \u00eatre command\u00e9 au moyen d'un joystick et de micro-ordinateurs Arduino. Il est ainsi possible de prendre des photos et des vid\u00e9os d'objets se d\u00e9pla\u00e7ant rapidement.<\/p>\r\n\r\n\r\n\r\n<p class=\"has-black-color has-text-color has-medium-font-size wp-block-paragraph\">Le projet est n\u00e9 \u00e0 l'\u00e9t\u00e9 2020 d'une course \u00e0 celui qui prendrait en premier une bonne photo de la Station spatiale internationale (ISS). Le syst\u00e8me de t\u00e9lescope aliment\u00e9 par l'\u00e9nergie solaire peut \u00e9galement \u00eatre utilis\u00e9 pour photographier des voiliers, des avions, des avions l\u00e9gers, des skieurs de comp\u00e9tition et bien d'autres choses encore.<\/p>\r\n\r\n\r\n\r\n<p class=\"has-black-color has-text-color has-medium-font-size wp-block-paragraph\">Le 22.05.2023 \u00e0 partir de 16 heures, quatre membres de l'\"Observatoire du lac de Constance\" feront une d\u00e9monstration de RAMOTS au groupe \u00e0 l'observatoire NAWI de Zweibr\u00fccken, Amerikastrasse 1 (sous r\u00e9serve de bonnes conditions m\u00e9t\u00e9orologiques).<\/p>\r\n\r\n\r\n\r\n<p class=\"has-black-color has-text-color has-medium-font-size wp-block-paragraph\">Le soir, \u00e0 20 heures, la conf\u00e9rence de<\/p>\r\n\r\n\r\n\r\n<p class=\"has-text-align-left has-text-color has-medium-font-size wp-block-paragraph\" style=\"color:#3a3a3a\"><strong>Markus Kohler, Observatoire des \u00e9toiles du lac de Constance<\/strong><br><strong>RAMOTS - A la chasse aux satellites avec un joystick et un t\u00e9lescope<\/strong><\/p>\r\n\r\n\r\n\r\n<p class=\"has-black-color has-text-color has-medium-font-size wp-block-paragraph\">aura lieu dans l'amphith\u00e9\u00e2tre H003, en face de l'observatoire.<\/p>\r\n\r\n\r\n\r\n<p class=\"has-black-color has-text-color has-medium-font-size wp-block-paragraph\">La projection et la conf\u00e9rence sont ouvertes au public.<\/p>\r\n\r\n\r\n\r\n<p class=\"has-black-color has-text-color has-medium-font-size wp-block-paragraph\">L'Astronomische Vereinigung Bodensee e.V. a \u00e9t\u00e9 fond\u00e9e en 1996 \u00e0 l'initiative d'amateurs et d'amatrices d'astronomie, dont le but \u00e9tait l'\u00e9ducation astronomique du public. L'association \u00e0 but non lucratif, aujourd'hui bas\u00e9e \u00e0 Friedrichshafen, exploite un observatoire mobile o\u00f9, selon les conditions m\u00e9t\u00e9orologiques, le public peut \u00e9galement observer le ciel gr\u00e2ce aux t\u00e9lescopes de l'association.<\/p>\r\n\r\n\r\n\r\n<p class=\"has-black-color has-text-color has-medium-font-size wp-block-paragraph\">Plus d'informations :<\/p>\r\n\r\n\r\n\r\n<ul class=\"wp-block-list\">\r\n<li class=\"has-medium-font-size\"><a rel=\"noreferrer noopener\" href=\"https:\/\/sternwarte-zweibruecken.de\/wp-content\/uploads\/2023\/05\/RAMOTS_Datenblatt.pdf\" target=\"_blank\">Fiche technique RAMOTS<\/a><\/li>\r\n\r\n\r\n\r\n<li class=\"has-medium-font-size\"><a href=\"https:\/\/sternwarte-zweibruecken.de\/wp-content\/uploads\/2023\/05\/Alexander-Gerst-signiert-das-Ramots.jpg\" target=\"_blank\" rel=\"noreferrer noopener\">Alexander Gerst signe RAMOTS<\/a><\/li>\r\n<\/ul>\r\n\r\n\r\n\r\n<p class=\"has-medium-font-size wp-block-paragraph\"><\/p>\r\n\r\n\r\n<hr>\r\n\r\n\r\n<p class=\"has-black-color has-text-color has-medium-font-size wp-block-paragraph\"><strong>Participation de l'Observatoire \u00e0 l'Open Campus 2023<\/strong><\/p>\r\n\r\n\r\n\r\n<p class=\"has-black-color has-text-color has-medium-font-size wp-block-paragraph\">L'observatoire de Zweibr\u00fccken participera \u00e0 la journ\u00e9e portes ouvertes du campus de Zweibr\u00fccken le 22 avril 2023.<\/p>\r\n\r\n\r\n\r\n<p class=\"has-black-color has-text-color has-medium-font-size wp-block-paragraph\">Nous ouvrons notre observatoire de 10h00 \u00e0 15h00 et proposons \u00e0 nos visiteurs de d\u00e9couvrir le monde de l'astronomie. Nous leur expliquerons non seulement le fonctionnement de nos t\u00e9lescopes, mais aussi la technique qui se cache derri\u00e8re. De plus, nos visiteurs ont la possibilit\u00e9 d'observer le soleil en toute s\u00e9curit\u00e9 et de mani\u00e8re experte.<\/p>\r\n\r\n\r\n\r\n<p class=\"has-black-color has-text-color has-medium-font-size wp-block-paragraph\">Les conf\u00e9rences suivantes sont propos\u00e9es dans la salle H003 (entr\u00e9e directement sur le petit parking en dessous de l'observatoire) :<\/p>\r\n\r\n\r\n\r\n<p class=\"has-black-color has-text-color has-medium-font-size wp-block-paragraph\">14:00 Conf\u00e9rence Dr. Walter Arnold<\/p>\r\n\r\n\r\n\r\n<p class=\"has-black-color has-text-color has-medium-font-size wp-block-paragraph\">Th\u00e8me : Que peut-on observer avec la cam\u00e9ra All-Sky de l'observatoire de Zweibr\u00fccken ?<br>Gr\u00e2ce aux cam\u00e9ras All-Sky, un r\u00e9seau international de cam\u00e9ras g\u00e9r\u00e9 par des observatoires amateurs et dont les images sont accessibles au public, il est possible d'observer la combustion de m\u00e9t\u00e9ro\u00efdes sous forme de m\u00e9t\u00e9ores (\"\u00e9toiles filantes\") dans l'atmosph\u00e8re terrestre. Le conf\u00e9rencier expliquera comment acc\u00e9der aux images des cam\u00e9ras via Internet, discutera de l'origine des m\u00e9t\u00e9ro\u00efdes, de leur composition et de leurs caract\u00e9ristiques physiques.<\/p>\r\n\r\n\r\n\r\n<p class=\"has-black-color has-text-color has-medium-font-size wp-block-paragraph\">14:30 Conf\u00e9rence Dr. Rolf-Dieter Schad<\/p>\r\n\r\n\r\n\r\n<p class=\"has-black-color has-text-color has-medium-font-size wp-block-paragraph\">Th\u00e8me : Observation du soleil - r\u00e9alis\u00e9e de mani\u00e8re aussi s\u00fbre que possible<br>L'expos\u00e9 explique bri\u00e8vement ce qui se passe sur le soleil et pr\u00e9sente diff\u00e9rentes m\u00e9thodes d'observation. Les dangers potentiels sont abord\u00e9s, le conf\u00e9rencier \u00e9tant ophtalmologue. Quelques \u00e9clipses et transits observ\u00e9s par Zweibr\u00fccken elle-m\u00eame seront pr\u00e9sent\u00e9s.<\/p>","protected":false},"excerpt":{"rendered":"<p>Mittwoch, 29.11.2023, 19:00 Uhr, AudimaxRainer Kresken (Raumfahrtingenieur, ESA\/ESOC, Darmstadt)Planetary Defence: Wie bringt man Asteroiden das Abstandhalten bei? Stets 1,5 Meter Abstand halten \u2013 das konnte in den letzten Jahren gegen die globale Bedrohung durch&#46;&#46;&#46;<\/p>","protected":false},"author":28,"featured_media":0,"parent":1331,"menu_order":3,"comment_status":"closed","ping_status":"closed","template":"","meta":{"_crdt_document":"","footnotes":""},"class_list":["post-3693","page","type-page","status-publish","hentry"],"_links":{"self":[{"href":"https:\/\/sternwarte-zweibruecken.de\/fr\/wp-json\/wp\/v2\/pages\/3693","targetHints":{"allow":["GET"]}}],"collection":[{"href":"https:\/\/sternwarte-zweibruecken.de\/fr\/wp-json\/wp\/v2\/pages"}],"about":[{"href":"https:\/\/sternwarte-zweibruecken.de\/fr\/wp-json\/wp\/v2\/types\/page"}],"author":[{"embeddable":true,"href":"https:\/\/sternwarte-zweibruecken.de\/fr\/wp-json\/wp\/v2\/users\/28"}],"replies":[{"embeddable":true,"href":"https:\/\/sternwarte-zweibruecken.de\/fr\/wp-json\/wp\/v2\/comments?post=3693"}],"version-history":[{"count":6,"href":"https:\/\/sternwarte-zweibruecken.de\/fr\/wp-json\/wp\/v2\/pages\/3693\/revisions"}],"predecessor-version":[{"id":3707,"href":"https:\/\/sternwarte-zweibruecken.de\/fr\/wp-json\/wp\/v2\/pages\/3693\/revisions\/3707"}],"up":[{"embeddable":true,"href":"https:\/\/sternwarte-zweibruecken.de\/fr\/wp-json\/wp\/v2\/pages\/1331"}],"wp:attachment":[{"href":"https:\/\/sternwarte-zweibruecken.de\/fr\/wp-json\/wp\/v2\/media?parent=3693"}],"curies":[{"name":"wp","href":"https:\/\/api.w.org\/{rel}","templated":true}]}}