{"id":2304,"date":"2023-11-15T22:57:58","date_gmt":"2023-11-15T22:57:58","guid":{"rendered":"https:\/\/sternwarte-zweibruecken.de\/thank-you"},"modified":"2023-11-15T22:57:58","modified_gmt":"2023-11-15T22:57:58","slug":"merci","status":"publish","type":"page","link":"https:\/\/sternwarte-zweibruecken.de\/fr\/thank-you","title":{"rendered":"Merci beaucoup"},"content":{"rendered":"<div class=\"swpm-ty-page-registration\"><div class=\"swpm-ty-page-registration-link swpm-no-user-found swpm-yellow-box\">Si vous venez de faire un paiement pour un abonnement, votre paiement est actuellement en traitement. Veuillez v\u00e9rifier \u00e0 nouveau dans quelques minutes. Un e-mail vous sera prochainement envoy\u00e9 avec tous les d\u00e9tails.<\/div><\/div>","protected":false},"excerpt":{"rendered":"","protected":false},"author":7,"featured_media":0,"parent":0,"menu_order":0,"comment_status":"closed","ping_status":"closed","template":"","meta":{"_crdt_document":"","footnotes":""},"class_list":["post-2304","page","type-page","status-publish","hentry"],"_links":{"self":[{"href":"https:\/\/sternwarte-zweibruecken.de\/fr\/wp-json\/wp\/v2\/pages\/2304","targetHints":{"allow":["GET"]}}],"collection":[{"href":"https:\/\/sternwarte-zweibruecken.de\/fr\/wp-json\/wp\/v2\/pages"}],"about":[{"href":"https:\/\/sternwarte-zweibruecken.de\/fr\/wp-json\/wp\/v2\/types\/page"}],"author":[{"embeddable":true,"href":"https:\/\/sternwarte-zweibruecken.de\/fr\/wp-json\/wp\/v2\/users\/7"}],"replies":[{"embeddable":true,"href":"https:\/\/sternwarte-zweibruecken.de\/fr\/wp-json\/wp\/v2\/comments?post=2304"}],"version-history":[{"count":0,"href":"https:\/\/sternwarte-zweibruecken.de\/fr\/wp-json\/wp\/v2\/pages\/2304\/revisions"}],"wp:attachment":[{"href":"https:\/\/sternwarte-zweibruecken.de\/fr\/wp-json\/wp\/v2\/media?parent=2304"}],"curies":[{"name":"wp","href":"https:\/\/api.w.org\/{rel}","templated":true}]}}