{"id":1845,"date":"2023-03-22T19:38:25","date_gmt":"2023-03-22T19:38:25","guid":{"rendered":"https:\/\/sternwarte-zweibruecken.de\/?page_id=1845"},"modified":"2024-11-29T22:13:12","modified_gmt":"2024-11-29T22:13:12","slug":"soirees-dobservation-publiques","status":"publish","type":"page","link":"https:\/\/sternwarte-zweibruecken.de\/fr\/oeffentliche-beobachtungsabende","title":{"rendered":"Soir\u00e9es d'observation publiques"},"content":{"rendered":"<p class=\"has-black-color has-text-color has-medium-font-size wp-block-paragraph\">Nos soir\u00e9es d'observation publiques ont g\u00e9n\u00e9ralement lieu le vendredi, lorsque le ciel est d\u00e9gag\u00e9. Vous pouvez jeter vous-m\u00eame un coup d'\u0153il sur diff\u00e9rents objets c\u00e9lestes \u00e0 travers nos t\u00e9lescopes. Les constellations sont \u00e9galement expliqu\u00e9es et nous r\u00e9pondons \u00e0 vos questions.<\/p>\n\n\n\n<p class=\"has-black-color has-text-color has-medium-font-size wp-block-paragraph\">Le num\u00e9ro de t\u00e9l\u00e9phone +49 174 7010258 vous permet de savoir si l'observatoire est actuellement ouvert. Ce num\u00e9ro n'est pas accessible lorsque l'observatoire est ferm\u00e9.<\/p>\n\n\n\n<p class=\"has-black-color has-text-color has-medium-font-size wp-block-paragraph\">L\u2019entr\u00e9e est gratuite mais les dons sont les bienvenus.<\/p>\n\n\n\n<p class=\"has-black-color has-text-color has-medium-font-size wp-block-paragraph\">Le d\u00e9but de la soir\u00e9e d\u2019observation d\u00e9pend du cr\u00e9puscule:<br><br><strong>Septembre :<\/strong> 21 heures<br><strong>Octobre :<\/strong> 20 heures <br><strong>De novembre \u00e0 f\u00e9vrier :<\/strong> 19 heures<br><strong>Mars :<\/strong> 20 heures<br><strong>Avril :<\/strong> 21 heures<br><strong>Mai - ao\u00fbt :<\/strong> Seulement observation des objets brillants comme la Lune et les plan\u00e8tes brillantes. Les horaires seront communiqu\u00e9s.<\/p>\n\n\n\n<div class=\"wp-block-columns is-layout-flex wp-container-core-columns-is-layout-8f761849 wp-block-columns-is-layout-flex\">\n<div class=\"wp-block-column is-layout-flow wp-block-column-is-layout-flow\" style=\"flex-basis:66.66%\">\n<p class=\"has-black-color has-text-color has-link-color has-medium-font-size wp-elements-01f7f352af49e82932819866d760907c wp-block-paragraph\">L'observatoire propose \u00e9galement un canal WhatsApp public dans lequel sont publi\u00e9es des informations sur les soir\u00e9es d'observation publiques, les conf\u00e9rences et les \u00e9v\u00e9nements sp\u00e9ciaux. Pour rejoindre ce canal, veuillez ex\u00e9cuter le lien suivant sur votre t\u00e9l\u00e9phone portable : <a href=\"https:\/\/whatsapp.com\/channel\/0029Vas72eD4yltSzanz8H3W\" target=\"_blank\" rel=\"noreferrer noopener\">https:\/\/whatsapp.com\/channel\/0029Vas72eD4yltSzanz8H3W<\/a>. Le canal est d\u00e9sormais accessible via l'onglet \"Actualit\u00e9s\" de WhatsApp.<br>Il est \u00e9galement possible d'adh\u00e9rer au canal en scannant le code QR situ\u00e9 \u00e0 droite.<\/p>\n<\/div>\n\n\n\n<div class=\"wp-block-column is-vertically-aligned-center is-layout-flow wp-block-column-is-layout-flow\" style=\"flex-basis:33.33%\"><div class=\"wp-block-image\">\n<figure class=\"aligncenter size-full is-resized\"><a href=\"https:\/\/sternwarte-zweibruecken.de\/wp-content\/uploads\/2024\/11\/QR-Code-NAWI-WhatsApp-Kanal.png\" target=\"_blank\" rel=\" noreferrer noopener\"><img loading=\"lazy\" decoding=\"async\" width=\"1000\" height=\"1000\" src=\"https:\/\/sternwarte-zweibruecken.de\/wp-content\/uploads\/2024\/11\/QR-Code-NAWI-WhatsApp-Kanal.png\" alt=\"\" class=\"wp-image-3005\" style=\"width:205px;height:auto\" srcset=\"https:\/\/sternwarte-zweibruecken.de\/wp-content\/uploads\/2024\/11\/QR-Code-NAWI-WhatsApp-Kanal.png 1000w, https:\/\/sternwarte-zweibruecken.de\/wp-content\/uploads\/2024\/11\/QR-Code-NAWI-WhatsApp-Kanal-300x300.png 300w, https:\/\/sternwarte-zweibruecken.de\/wp-content\/uploads\/2024\/11\/QR-Code-NAWI-WhatsApp-Kanal-150x150.png 150w, https:\/\/sternwarte-zweibruecken.de\/wp-content\/uploads\/2024\/11\/QR-Code-NAWI-WhatsApp-Kanal-768x768.png 768w, https:\/\/sternwarte-zweibruecken.de\/wp-content\/uploads\/2024\/11\/QR-Code-NAWI-WhatsApp-Kanal-12x12.png 12w, https:\/\/sternwarte-zweibruecken.de\/wp-content\/uploads\/2024\/11\/QR-Code-NAWI-WhatsApp-Kanal-80x80.png 80w, https:\/\/sternwarte-zweibruecken.de\/wp-content\/uploads\/2024\/11\/QR-Code-NAWI-WhatsApp-Kanal-320x320.png 320w\" sizes=\"auto, (max-width: 1000px) 100vw, 1000px\" \/><\/a><\/figure>\n<\/div><\/div>\n<\/div>\n\n\n<hr \/>\n\n\n<p class=\"has-black-color has-text-color has-link-color has-medium-font-size wp-elements-f8940ed8ba2dc3ae3e514c39325d8e6d wp-block-paragraph\">Nous accueillons les classes \u00e0 l'observatoire. Les \u00e9l\u00e8ves peuvent, \u00e0 la tomb\u00e9e de la nuit, observer les plan\u00e8tes actuellement visibles et d'autres objets c\u00e9lestes \u00e0 travers nos t\u00e9lescopes. De plus, nous proposons des conf\u00e9rences sur notre syst\u00e8me solaire.<br>Voici tout d'abord quelques informations compl\u00e9mentaires :<\/p>\n\n\n\n<ul class=\"wp-block-list\">\n<li class=\"has-black-color has-text-color has-link-color has-medium-font-size wp-elements-5fb24c3afb47e75b3ec70672ff53229e\">Les dates d\u00e9pendent des conditions m\u00e9t\u00e9orologiques. Il faut que le ciel soit suffisamment d\u00e9gag\u00e9. C'est pourquoi des annulations ou des reports de derni\u00e8re minute sont possibles.<\/li>\n\n\n\n<li class=\"has-black-color has-text-color has-link-color has-medium-font-size wp-elements-172d71f83a90255161dacef24bdc0219\">La visite guid\u00e9e et la conf\u00e9rence sont gratuites, les dons sont les bienvenus.<\/li>\n\n\n\n<li class=\"has-black-color has-text-color has-link-color has-medium-font-size wp-elements-90d33ce42155db707a5085df02c3a037\">Nous ne pouvons pas assurer le transport vers et depuis notre observatoire.<\/li>\n\n\n\n<li class=\"has-black-color has-text-color has-link-color has-medium-font-size wp-elements-13805553662992e8a09e539148da1e25\">Pour 20 enfants (de la 3e \u00e0 la 6e\/7e ann\u00e9e), au moins deux adultes doivent \u00eatre pr\u00e9sents pour les surveiller. De notre c\u00f4t\u00e9, au moins deux membres de l'observatoire sont \u00e9galement pr\u00e9sents.<\/li>\n\n\n\n<li class=\"has-black-color has-text-color has-link-color has-medium-font-size wp-elements-cfcff26e24d64a45227460b1f2a6bbce\">Le nombre de visiteurs ne devrait pas d\u00e9passer 30 personnes.<\/li>\n\n\n\n<li class=\"has-black-color has-text-color has-link-color has-medium-font-size wp-elements-1485f5b06829c6fb4dc15bdddd65567f\">L'observatoire peut accueillir au maximum 10 personnes \u00e0 la fois. Pendant ce temps, nous proposons aux personnes qui attendent de r\u00e9pondre \u00e0 leurs questions et de leur fournir des explications sur le ciel nocturne.<\/li>\n\n\n\n<li class=\"has-black-color has-text-color has-link-color has-medium-font-size wp-elements-1658868a509e65517ca31aaf4455d3fe\">Veillez \u00e0 porter des v\u00eatements chauds, car l'observatoire n'est pas chauff\u00e9.<\/li>\n<\/ul>\n\n\n\n<p class=\"has-black-color has-text-color has-link-color has-medium-font-size wp-elements-d4269226c89b0273f3476ea3911d00cc wp-block-paragraph\">N'h\u00e9sitez pas \u00e0 nous contacter par <a href=\"mailto: info@nawi-zw.de\">Courrier \u00e9lectronique<\/a><\/p>\n\n\n<hr>\n\n\n<p class=\"has-black-color has-text-color has-medium-font-size wp-block-paragraph\">Les d\u00e9rogations \u00e0 ces horaires sont annonc\u00e9es sur le site Web.<\/p>\n\n\n\n<p class=\"has-black-color has-text-color has-medium-font-size wp-block-paragraph\">Nos soir\u00e9es d'observation n'ont lieu que lorsque le ciel est d\u00e9gag\u00e9.<\/p>\n\n\n\n<p class=\"has-black-color has-text-color has-medium-font-size wp-block-paragraph\">Visites de groupes et visites sp\u00e9ciales sur rendez-vous.<\/p>","protected":false},"excerpt":{"rendered":"<p>Unsere \u00f6ffentlichen Beobachtungsabende finden in der Regel freitags bei wolkenlosem Himmel statt. Sie k\u00f6nnen selbst einen Blick durch unsere Teleskope auf verschiedene Himmelsobjekte werfen. Auch die Sternbilder werden erl\u00e4utert und Ihre Fragen beantwortet. Unter&#46;&#46;&#46;<\/p>","protected":false},"author":7,"featured_media":0,"parent":0,"menu_order":0,"comment_status":"closed","ping_status":"closed","template":"","meta":{"_crdt_document":"","footnotes":""},"class_list":["post-1845","page","type-page","status-publish","hentry"],"_links":{"self":[{"href":"https:\/\/sternwarte-zweibruecken.de\/fr\/wp-json\/wp\/v2\/pages\/1845","targetHints":{"allow":["GET"]}}],"collection":[{"href":"https:\/\/sternwarte-zweibruecken.de\/fr\/wp-json\/wp\/v2\/pages"}],"about":[{"href":"https:\/\/sternwarte-zweibruecken.de\/fr\/wp-json\/wp\/v2\/types\/page"}],"author":[{"embeddable":true,"href":"https:\/\/sternwarte-zweibruecken.de\/fr\/wp-json\/wp\/v2\/users\/7"}],"replies":[{"embeddable":true,"href":"https:\/\/sternwarte-zweibruecken.de\/fr\/wp-json\/wp\/v2\/comments?post=1845"}],"version-history":[{"count":21,"href":"https:\/\/sternwarte-zweibruecken.de\/fr\/wp-json\/wp\/v2\/pages\/1845\/revisions"}],"predecessor-version":[{"id":3013,"href":"https:\/\/sternwarte-zweibruecken.de\/fr\/wp-json\/wp\/v2\/pages\/1845\/revisions\/3013"}],"wp:attachment":[{"href":"https:\/\/sternwarte-zweibruecken.de\/fr\/wp-json\/wp\/v2\/media?parent=1845"}],"curies":[{"name":"wp","href":"https:\/\/api.w.org\/{rel}","templated":true}]}}