{"id":1739,"date":"2022-12-12T18:57:16","date_gmt":"2022-12-12T18:57:16","guid":{"rendered":"https:\/\/sternwarte-zweibruecken.de\/?page_id=1739"},"modified":"2024-03-19T10:43:50","modified_gmt":"2024-03-19T10:43:50","slug":"devenir-membre","status":"publish","type":"page","link":"https:\/\/sternwarte-zweibruecken.de\/fr\/mitglied-werden","title":{"rendered":"Devenir membre"},"content":{"rendered":"<p class=\"has-black-color has-text-color has-link-color wp-elements-02c9f66ffc373564c98bb74f7abb5e2e wp-block-paragraph\">L'observatoire de l'association des sciences naturelles de Zweibr\u00fccken NAWI e.V. est g\u00e9r\u00e9 par des membres b\u00e9n\u00e9voles. Le but de l'association est tout d'abord de permettre au public d'observer les plan\u00e8tes, les \u00e9toiles, les galaxies et les n\u00e9buleuses, d'o\u00f9 le nom d'observatoire populaire. De plus, des conf\u00e9rences sur des questions g\u00e9n\u00e9rales de sciences naturelles et de technique sont propos\u00e9es.<\/p>\r\n\r\n\r\n\r\n<p class=\"has-black-color has-text-color has-link-color wp-elements-f24c47fea0efa936e8df86201a5de25a wp-block-paragraph\"><strong>Avantages de l'adh\u00e9sion<\/strong><\/p>\r\n\r\n\r\n\r\n<ul class=\"has-black-color has-text-color has-link-color wp-block-list wp-elements-887c124e2153c826b1301d14df3c84da\">\r\n<li>Contact avec des personnes partageant les m\u00eames id\u00e9es<\/li>\r\n\r\n\r\n\r\n<li>Informations sur les \u00e9v\u00e9nements astronomiques<\/li>\r\n\r\n\r\n\r\n<li>Conseils pour l'acquisition de mat\u00e9riel astronomique<\/li>\r\n\r\n\r\n\r\n<li>Utilisation de l'observatoire pour des observations personnelles apr\u00e8s avoir re\u00e7u des instructions et une formation<\/li>\r\n\r\n\r\n\r\n<li>Participation \u00e0 des excursions<\/li>\r\n<\/ul>\r\n\r\n\r\n\r\n<p class=\"has-black-color has-text-color has-link-color wp-elements-f33505ccd82ab0742ed140284266f64f wp-block-paragraph\"><strong>Quel est le montant des cotisations ?<\/strong><\/p>\r\n\r\n\r\n\r\n<div class=\"wp-block-columns is-layout-flex wp-container-core-columns-is-layout-8f761849 wp-block-columns-is-layout-flex\">\r\n<div class=\"wp-block-column has-black-color has-text-color has-link-color wp-elements-5b7e4e5d54e0bfe54efe54b9829705dc is-layout-flow wp-block-column-is-layout-flow\" style=\"flex-basis:33.33%\">\r\n<ul class=\"wp-block-list\">\r\n<li>\u00c9l\u00e8ve \/ \u00e9tudiant<\/li>\r\n\r\n\r\n\r\n<li>Membre normal<\/li>\r\n\r\n\r\n\r\n<li>Sponsor<\/li>\r\n<\/ul>\r\n<\/div>\r\n\r\n\r\n\r\n<div class=\"wp-block-column is-layout-flow wp-block-column-is-layout-flow\" style=\"flex-basis:66.66%\">\r\n<p class=\"has-black-color has-text-color has-link-color wp-elements-ac9921af72d676035f7adf72f1e5b72a wp-block-paragraph\">10 euros par an<br>60 euros par an<br>120 euros par an<\/p>\r\n<\/div>\r\n<\/div>\r\n\r\n\r\n\r\n<p class=\"has-black-color has-text-color has-link-color wp-elements-73cfac5ba4e28b87738ea37256a454b8 wp-block-paragraph\"><strong>Qu'est-ce qui est rendu possible par les contributions ?<\/strong><\/p>\r\n\r\n\r\n\r\n<ul class=\"has-black-color has-text-color has-link-color wp-block-list wp-elements-0b75eebb6a7775507c112d8f80682063\">\r\n<li>Entretien de l'observatoire et des t\u00e9lescopes<\/li>\r\n\r\n\r\n\r\n<li>Acquisition de nouveaux \u00e9quipements astronomiques<\/li>\r\n<\/ul>\r\n\r\n\r\n\r\n<p class=\"has-black-color has-text-color has-link-color wp-elements-7dcaaca5cd1a3d876fef6a14d7e76ddf wp-block-paragraph\"><strong>Existe-t-il des \"obligations\" au sein de l'association ?<\/strong><\/p>\r\n\r\n\r\n\r\n<p class=\"has-black-color has-text-color has-link-color wp-elements-f83e660e095704d5924d6e65e4c15baa wp-block-paragraph\">La participation aux activit\u00e9s de l'association est volontaire.<\/p>\r\n\r\n\r\n\r\n<p class=\"has-black-color has-text-color has-link-color wp-elements-3803da23455edd91c7fc1b97803b49b2 wp-block-paragraph\"><strong>Comment devenir membre ?<\/strong><\/p>\r\n\r\n\r\n\r\n<p class=\"has-black-color has-text-color has-link-color wp-elements-22d8b3cfac2b66b8ad48ef7592185061 wp-block-paragraph\">Nous serions heureux de vous accueillir comme nouveau membre. Pour cela, il vous suffit de t\u00e9l\u00e9charger le formulaire d'adh\u00e9sion ici :<\/p>\r\n\r\n\r\n\r\n<p class=\"has-text-align-center wp-block-paragraph\"><a href=\"https:\/\/sternwarte-zweibruecken.de\/wp-content\/uploads\/2022\/12\/Beitrittserklaerung-10-2022_Neu.pdf\" target=\"_blank\" rel=\"noreferrer noopener\">T\u00e9l\u00e9charger le formulaire d'adh\u00e9sion<\/a><\/p>\r\n\r\n\r\n\r\n<p class=\"has-black-color has-text-color has-link-color wp-elements-7dc95515bde72aef7397ddff41efc714 wp-block-paragraph\">Envoyez-le compl\u00e9t\u00e9 par <a href=\"mailto: info@nawi-zw.de\">Courrier \u00e9lectronique<\/a> ou \u00e0 l'adresse postale indiqu\u00e9e.<\/p>\r\n\r\n\r\n\r\n<p class=\"has-black-color has-text-color has-link-color wp-elements-ab0c3a1d48e203defec24dedc4ddd191 wp-block-paragraph\"><strong>Avantage fiscal<\/strong><\/p>\r\n\r\n\r\n\r\n<p class=\"has-black-color has-text-color has-link-color wp-elements-bc1e6001482a6600025e211534390b01 wp-block-paragraph\">L'association \"Naturwissenschaftliche Verein zu Zweibr\u00fccken e.V.\" est reconnue d'utilit\u00e9 publique. Les cotisations des membres peuvent donc \u00eatre d\u00e9duites des imp\u00f4ts.<\/p>\r\n\r\n\r\n\r\n<p class=\"wp-block-paragraph\"><\/p>\r\n\r\n\r\n\r\n<p class=\"has-black-color has-text-color has-link-color wp-elements-a5c81298126eb3a745ba270e56d6a9ee wp-block-paragraph\">Vous avez des questions ? Alors envoyez-nous simplement un <a href=\"mailto: info@nawi-zw.de\">Courrier \u00e9lectronique<\/a>.<\/p>","protected":false},"excerpt":{"rendered":"<p>Die Sternwarte des Naturwissenschaftlichen Vereins zu Zweibr\u00fccken NAWI e.V. wird von ehrenamtlich t\u00e4tigen Mitgliedern betrieben. Zweck des Vereins ist zun\u00e4chst der \u00d6ffentlichkeit Beobachtungen von Planeten, Sterne, Galaxien und Nebeln zu erm\u00f6glichen, deswegen die Bezeichnung&#46;&#46;&#46;<\/p>","protected":false},"author":7,"featured_media":0,"parent":0,"menu_order":0,"comment_status":"closed","ping_status":"closed","template":"","meta":{"_crdt_document":"","footnotes":""},"class_list":["post-1739","page","type-page","status-publish","hentry"],"_links":{"self":[{"href":"https:\/\/sternwarte-zweibruecken.de\/fr\/wp-json\/wp\/v2\/pages\/1739","targetHints":{"allow":["GET"]}}],"collection":[{"href":"https:\/\/sternwarte-zweibruecken.de\/fr\/wp-json\/wp\/v2\/pages"}],"about":[{"href":"https:\/\/sternwarte-zweibruecken.de\/fr\/wp-json\/wp\/v2\/types\/page"}],"author":[{"embeddable":true,"href":"https:\/\/sternwarte-zweibruecken.de\/fr\/wp-json\/wp\/v2\/users\/7"}],"replies":[{"embeddable":true,"href":"https:\/\/sternwarte-zweibruecken.de\/fr\/wp-json\/wp\/v2\/comments?post=1739"}],"version-history":[{"count":8,"href":"https:\/\/sternwarte-zweibruecken.de\/fr\/wp-json\/wp\/v2\/pages\/1739\/revisions"}],"predecessor-version":[{"id":2629,"href":"https:\/\/sternwarte-zweibruecken.de\/fr\/wp-json\/wp\/v2\/pages\/1739\/revisions\/2629"}],"wp:attachment":[{"href":"https:\/\/sternwarte-zweibruecken.de\/fr\/wp-json\/wp\/v2\/media?parent=1739"}],"curies":[{"name":"wp","href":"https:\/\/api.w.org\/{rel}","templated":true}]}}