{"id":1373,"date":"2022-12-12T18:37:02","date_gmt":"2022-12-12T18:37:02","guid":{"rendered":"https:\/\/sternwarte-zweibruecken.de\/?page_id=1373"},"modified":"2024-02-13T14:59:01","modified_gmt":"2024-02-13T14:59:01","slug":"sponsors","status":"publish","type":"page","link":"https:\/\/sternwarte-zweibruecken.de\/fr\/sponsoren","title":{"rendered":"Sponsors"},"content":{"rendered":"<p class=\"has-black-color has-text-color has-medium-font-size wp-block-paragraph\">Nous souhaitons remercier tous nos sponsors qui nous ont aid\u00e9s \u00e0 monter la coupole et \u00e0 fournir le mat\u00e9riel n\u00e9cessaire. Nous remercions tout particuli\u00e8rement les collaborateurs de la fili\u00e8re Technique des microsyst\u00e8mes de l'universit\u00e9 de Kaiserslautern (site de Zweibr\u00fccken), qui ont activement particip\u00e9 \u00e0 la construction de l'observatoire. Des dons en nature, en argent et \u00e0 des fins sp\u00e9cifiques ont \u00e9t\u00e9 faits par<\/p>\n\n\n<div class=\"wp-block-image\">\n<figure class=\"aligncenter size-full is-resized\"><a href=\"https:\/\/www.zweigelb.de\/\" target=\"_blank\" rel=\"noreferrer noopener\"><img loading=\"lazy\" decoding=\"async\" width=\"886\" height=\"260\" src=\"https:\/\/sternwarte-zweibruecken.de\/wp-content\/uploads\/2024\/02\/Zweigelb.jpg\" alt=\"\" class=\"wp-image-2524\" style=\"width:387px;height:auto\" srcset=\"https:\/\/sternwarte-zweibruecken.de\/wp-content\/uploads\/2024\/02\/Zweigelb.jpg 886w, https:\/\/sternwarte-zweibruecken.de\/wp-content\/uploads\/2024\/02\/Zweigelb-300x88.jpg 300w, https:\/\/sternwarte-zweibruecken.de\/wp-content\/uploads\/2024\/02\/Zweigelb-768x225.jpg 768w, https:\/\/sternwarte-zweibruecken.de\/wp-content\/uploads\/2024\/02\/Zweigelb-18x5.jpg 18w\" sizes=\"auto, (max-width: 886px) 100vw, 886px\" \/><\/a><figcaption class=\"wp-element-caption\">Conception de sites web &amp; boutiques en ligne made in Pirmasens<\/figcaption><\/figure>\n<\/div>\n\n<div class=\"wp-block-image\">\n<figure class=\"aligncenter size-full\"><img loading=\"lazy\" decoding=\"async\" width=\"337\" height=\"113\" src=\"https:\/\/sternwarte-zweibruecken.de\/wp-content\/uploads\/2022\/11\/APM-Telescopes.jpg\" alt=\"\" class=\"wp-image-1375\" srcset=\"https:\/\/sternwarte-zweibruecken.de\/wp-content\/uploads\/2022\/11\/APM-Telescopes.jpg 337w, https:\/\/sternwarte-zweibruecken.de\/wp-content\/uploads\/2022\/11\/APM-Telescopes-300x101.jpg 300w\" sizes=\"auto, (max-width: 337px) 100vw, 337px\" \/><\/figure>\n<\/div>\n\n\n<p class=\"wp-block-paragraph\"><\/p>\n\n\n<div class=\"wp-block-image\">\n<figure class=\"aligncenter size-full\"><img loading=\"lazy\" decoding=\"async\" width=\"337\" height=\"49\" src=\"https:\/\/sternwarte-zweibruecken.de\/wp-content\/uploads\/2022\/11\/Siemens.jpg\" alt=\"\" class=\"wp-image-1379\" srcset=\"https:\/\/sternwarte-zweibruecken.de\/wp-content\/uploads\/2022\/11\/Siemens.jpg 337w, https:\/\/sternwarte-zweibruecken.de\/wp-content\/uploads\/2022\/11\/Siemens-300x44.jpg 300w\" sizes=\"auto, (max-width: 337px) 100vw, 337px\" \/><\/figure>\n<\/div>\n\n\n<p class=\"wp-block-paragraph\"><\/p>\n\n\n<div class=\"wp-block-image\">\n<figure class=\"aligncenter size-full\"><img loading=\"lazy\" decoding=\"async\" width=\"367\" height=\"95\" src=\"https:\/\/sternwarte-zweibruecken.de\/wp-content\/uploads\/2022\/11\/Weimann-Stahlhandel.jpg\" alt=\"\" class=\"wp-image-1383\" srcset=\"https:\/\/sternwarte-zweibruecken.de\/wp-content\/uploads\/2022\/11\/Weimann-Stahlhandel.jpg 367w, https:\/\/sternwarte-zweibruecken.de\/wp-content\/uploads\/2022\/11\/Weimann-Stahlhandel-300x78.jpg 300w\" sizes=\"auto, (max-width: 367px) 100vw, 367px\" \/><\/figure>\n<\/div>\n\n\n<p class=\"wp-block-paragraph\"><\/p>\n\n\n<div class=\"wp-block-image\">\n<figure class=\"aligncenter size-full\"><img loading=\"lazy\" decoding=\"async\" width=\"478\" height=\"100\" src=\"https:\/\/sternwarte-zweibruecken.de\/wp-content\/uploads\/2022\/11\/Sauerer.jpg\" alt=\"\" class=\"wp-image-1378\" srcset=\"https:\/\/sternwarte-zweibruecken.de\/wp-content\/uploads\/2022\/11\/Sauerer.jpg 478w, https:\/\/sternwarte-zweibruecken.de\/wp-content\/uploads\/2022\/11\/Sauerer-300x63.jpg 300w\" sizes=\"auto, (max-width: 478px) 100vw, 478px\" \/><\/figure>\n<\/div>\n\n\n<p class=\"wp-block-paragraph\"><\/p>\n\n\n<div class=\"wp-block-image\">\n<figure class=\"aligncenter size-full\"><img loading=\"lazy\" decoding=\"async\" width=\"389\" height=\"88\" src=\"https:\/\/sternwarte-zweibruecken.de\/wp-content\/uploads\/2022\/11\/Karlsberg.jpg\" alt=\"\" class=\"wp-image-1377\" srcset=\"https:\/\/sternwarte-zweibruecken.de\/wp-content\/uploads\/2022\/11\/Karlsberg.jpg 389w, https:\/\/sternwarte-zweibruecken.de\/wp-content\/uploads\/2022\/11\/Karlsberg-300x68.jpg 300w\" sizes=\"auto, (max-width: 389px) 100vw, 389px\" \/><\/figure>\n<\/div>\n\n\n<p class=\"wp-block-paragraph\"><\/p>\n\n\n<div class=\"wp-block-image\">\n<figure class=\"aligncenter size-full\"><img loading=\"lazy\" decoding=\"async\" width=\"557\" height=\"223\" src=\"https:\/\/sternwarte-zweibruecken.de\/wp-content\/uploads\/2022\/11\/Sparkasse-Suedwestpfalz.jpg\" alt=\"\" class=\"wp-image-1380\" srcset=\"https:\/\/sternwarte-zweibruecken.de\/wp-content\/uploads\/2022\/11\/Sparkasse-Suedwestpfalz.jpg 557w, https:\/\/sternwarte-zweibruecken.de\/wp-content\/uploads\/2022\/11\/Sparkasse-Suedwestpfalz-300x120.jpg 300w\" sizes=\"auto, (max-width: 557px) 100vw, 557px\" \/><\/figure>\n<\/div>\n\n\n<p class=\"wp-block-paragraph\"><\/p>\n\n\n\n<p class=\"has-black-color has-text-color has-medium-font-size wp-block-paragraph\">De nombreux dons en esp\u00e8ces ont \u00e9galement contribu\u00e9 \u00e0 ce succ\u00e8s. D'autres dons sont venus de<br><br>Autohaus Reinhard, Zweibr\u00fccken ; Beukle und Speer KG, Zweibr\u00fccken ; Dr. Walter Schad, Zweibr\u00fccken ; Karl et Margarete Danner, Zweibr\u00fccken ; Margarete Gensch, Zweibr\u00fccken ; Fa. Globus Ein\u00f6d, Homburg ; Ralf Lelle, Zweibr\u00fccken ; Optica GmbH, Zweibr\u00fccken ; Fa. Sieber GmbH, Zweibr\u00fccken ; Karin Thiel, Zweibr\u00fccken ; A. Welter, Zweibr\u00fccken.<\/p>\n\n\n\n<p class=\"has-black-color has-text-color has-medium-font-size wp-block-paragraph\">Nous tenons \u00e9galement \u00e0 remercier tout particuli\u00e8rement les apprentis de l'atelier d'apprentissage de l'\u00e9poque et leur ma\u00eetre J\u00fcrgen Hoffmann de Mannesmann DEMAG Zweibr\u00fccken, qui ont mont\u00e9 pour nous la structure en acier de la coupole.<\/p>\n\n\n<div class=\"wp-block-image\">\n<figure class=\"aligncenter size-full\"><img loading=\"lazy\" decoding=\"async\" width=\"345\" height=\"283\" src=\"https:\/\/sternwarte-zweibruecken.de\/wp-content\/uploads\/2022\/11\/Aufbau-Sternwarte.jpg\" alt=\"\" class=\"wp-image-1376\" srcset=\"https:\/\/sternwarte-zweibruecken.de\/wp-content\/uploads\/2022\/11\/Aufbau-Sternwarte.jpg 345w, https:\/\/sternwarte-zweibruecken.de\/wp-content\/uploads\/2022\/11\/Aufbau-Sternwarte-300x246.jpg 300w\" sizes=\"auto, (max-width: 345px) 100vw, 345px\" \/><\/figure>\n<\/div>","protected":false},"excerpt":{"rendered":"<p>Wir m\u00f6chten&nbsp; uns bei allen unseren Sponsoren bedanken, die uns bei dem Aufbau der Kuppel und der Bereitstellung des Materials geholfen haben. Unser besonderer Dank gilt den Mitarbeitern aus dem Studiengang Mikrosystemtechnik Hochschule Kaiserslautern&#46;&#46;&#46;<\/p>","protected":false},"author":4,"featured_media":0,"parent":0,"menu_order":0,"comment_status":"closed","ping_status":"closed","template":"","meta":{"_crdt_document":"","footnotes":""},"class_list":["post-1373","page","type-page","status-publish","hentry"],"_links":{"self":[{"href":"https:\/\/sternwarte-zweibruecken.de\/fr\/wp-json\/wp\/v2\/pages\/1373","targetHints":{"allow":["GET"]}}],"collection":[{"href":"https:\/\/sternwarte-zweibruecken.de\/fr\/wp-json\/wp\/v2\/pages"}],"about":[{"href":"https:\/\/sternwarte-zweibruecken.de\/fr\/wp-json\/wp\/v2\/types\/page"}],"author":[{"embeddable":true,"href":"https:\/\/sternwarte-zweibruecken.de\/fr\/wp-json\/wp\/v2\/users\/4"}],"replies":[{"embeddable":true,"href":"https:\/\/sternwarte-zweibruecken.de\/fr\/wp-json\/wp\/v2\/comments?post=1373"}],"version-history":[{"count":22,"href":"https:\/\/sternwarte-zweibruecken.de\/fr\/wp-json\/wp\/v2\/pages\/1373\/revisions"}],"predecessor-version":[{"id":2530,"href":"https:\/\/sternwarte-zweibruecken.de\/fr\/wp-json\/wp\/v2\/pages\/1373\/revisions\/2530"}],"wp:attachment":[{"href":"https:\/\/sternwarte-zweibruecken.de\/fr\/wp-json\/wp\/v2\/media?parent=1373"}],"curies":[{"name":"wp","href":"https:\/\/api.w.org\/{rel}","templated":true}]}}