{"id":1366,"date":"2022-12-12T18:30:09","date_gmt":"2022-12-12T18:30:09","guid":{"rendered":"https:\/\/sternwarte-zweibruecken.de\/?page_id=1366"},"modified":"2025-12-01T11:51:52","modified_gmt":"2025-12-01T11:51:52","slug":"lobservatoire-2","status":"publish","type":"page","link":"https:\/\/sternwarte-zweibruecken.de\/fr\/die-sternwarte-2","title":{"rendered":"L'observatoire"},"content":{"rendered":"<p class=\"wp-block-paragraph\"><strong><span style=\"color: #000000;\">Technique des observatoires<\/span><\/strong><span style=\"color: #000000;\"><\/span><\/p>\n\n\n\n<p class=\"has-black-color has-text-color has-medium-font-size wp-block-paragraph\">Le c\u0153ur de notre observatoire est un t\u00e9lescope \u00e0 miroir de type Schmidt-Cassegrain avec un diam\u00e8tre de miroir de 35,6 cm (14\u2033) et une distance focale de 3910 mm (fabricant Celestron, d\u00e9signation C14).<\/p>\n\n\n\n<p class=\"has-black-color has-text-color has-medium-font-size wp-block-paragraph\">Les t\u00e9lescopes \u00e0 miroirs ont des d\u00e9fauts d'image qui pr\u00e9sentent du flou et des distorsions, surtout sur les bords de l'image. Pour l'astrophotographie, ils ne sont utilisables que sous certaines conditions. La plaque de Schmidt permet de corriger ces d\u00e9fauts d'image p\u00e9riph\u00e9riques du miroir, de sorte que l'image soit nette et sans distorsion jusqu'au bord de l'image. Ce principe de construction a d'abord \u00e9t\u00e9 utilis\u00e9 pour les astrocam\u00e9ras, \u00e9galement appel\u00e9es cam\u00e9ras Schmidt. Celestron a \u00e9galement appliqu\u00e9 ce syst\u00e8me aux t\u00e9lescopes d'amateurs, qui conviennent donc \u00e9galement pour la photographie.&nbsp;<\/p>\n\n\n\n<p class=\"has-black-color has-text-color has-medium-font-size wp-block-paragraph\">Le grossissement d\u00e9pend des oculaires utilis\u00e9s. Nous utilisons des oculaires d'une distance focale de 40 mm \u00e0 10 mm, qui donnent des grossissements de 98 \u00e0 391. Le pouvoir de r\u00e9solution d'un t\u00e9lescope est surtout d\u00e9termin\u00e9 par l'ouverture, mais aussi par les fluctuations de l'atmosph\u00e8re. Les astronomes appellent ce dernier ph\u00e9nom\u00e8ne le \"seeing\".<\/p>\n\n\n\n<p class=\"has-black-color has-text-color has-medium-font-size wp-block-paragraph\">Pour les observations solaires, l'ouverture du t\u00e9lescope est recouverte d'un filtre solaire. Cela r\u00e9duit l'intensit\u00e9 qui tombe dans le t\u00e9lescope d'un facteur 100 000 et prot\u00e8ge donc la m\u00e9canique et les collages de l'optique, mais surtout les yeux de l'observateur. Pour les observations solaires, nous utilisons \u00e9galement un autre t\u00e9lescope sp\u00e9cialement con\u00e7u pour l'observation du soleil. Il a une ouverture de 40 mm et une distance focale de 400 mm. Il est \u00e9quip\u00e9 d'un filtre H-alpha qui ne laisse passer que la lumi\u00e8re dans une plage de longueurs d'onde \u00e9troite. Le Soleil appara\u00eet en lumi\u00e8re rouge et des \u00e9jections de mati\u00e8re (protub\u00e9rances) sont visibles sur le bord du Soleil.&nbsp;<\/p>\n\n\n\n<p class=\"has-black-color has-text-color has-medium-font-size wp-block-paragraph\">Il y a \u00e9galement un r\u00e9fracteur de 900 mm qui permet d'observer de plus grandes zones du ciel et des amas ouverts comme les Pl\u00e9iades.<\/p>\n\n\n\n<p class=\"has-black-color has-text-color has-medium-font-size wp-block-paragraph\">Tous les instruments sont mont\u00e9s sur une plaque et sont d\u00e9plac\u00e9s par une monture sp\u00e9ciale qui suit le mouvement des objets c\u00e9lestes par ordinateur.<\/p>\n\n\n\n<p class=\"has-black-color has-text-color has-medium-font-size wp-block-paragraph\">L'association dispose \u00e9galement de trois cam\u00e9ras All Sky. La premi\u00e8re, une \"All Sky 7\", se compose de sept cam\u00e9ras individuelles sous un verre de protection en acrylique et fait partie du \"European All Sky7 Fireball Network\". Le r\u00e9seau fonctionne 24 heures sur 24 et les images en cours de nombreuses cam\u00e9ras AllSky situ\u00e9es \u00e0 diff\u00e9rents endroits, y compris celles de Zweibr\u00fccken, peuvent \u00eatre consult\u00e9es sous<\/p>\n\n\n\n<p class=\"has-black-color has-text-color has-medium-font-size wp-block-paragraph\"><a href=\"https:\/\/www.allsky7.net\/index.html?&amp;station=AMS59#liveview\" target=\"_blank\" rel=\"noreferrer noopener\">https:\/\/www.allsky7.net\/index.html?&amp;station=AMS59#liveview<\/a><\/p>\n\n\n\n<p class=\"has-black-color has-text-color has-medium-font-size wp-block-paragraph\">peuvent \u00eatre r\u00e9cup\u00e9r\u00e9es. Ils enregistrent les traces lumineuses des m\u00e9t\u00e9ores (\u00e9toiles filantes), qui sont g\u00e9n\u00e9r\u00e9es par des m\u00e9t\u00e9oro\u00efdes (g\u00e9n\u00e9ralement des grains de poussi\u00e8re et des particules rocheuses ou m\u00e9talliques de quelques millim\u00e8tres) qui p\u00e9n\u00e8trent dans l'atmosph\u00e8re terrestre depuis l'espace \u00e0 des vitesses allant jusqu'\u00e0 70 km\/s environ. Les particules plus grosses (&gt; environ 10 mm) produisent des tra\u00een\u00e9es lumineuses impressionnantes et sont appel\u00e9es boules de feu, boules de feu ou bolides.<\/p>\n\n\n\n<p class=\"has-black-color has-text-color has-link-color has-medium-font-size wp-elements-b0b1b04ed78be395571535db07cb6c10 wp-block-paragraph\">La seconde, une cam\u00e9ra individuelle ZWO ASI 178 MC, est exploit\u00e9e \u00e0 titre priv\u00e9 par un membre de l'ENA et peut \u00eatre consult\u00e9e sur le lien suivant<\/p>\n\n\n\n<p class=\"has-medium-font-size wp-block-paragraph\">https:\/\/allsky.zx8k8qm52e077vq8.myfritz.net\/\/allsky\/ (hors ligne pour cause de maintenance)<\/p>\n\n\n\n<p class=\"has-black-color has-text-color has-link-color has-medium-font-size wp-elements-a9dc716cb32e7860a85c9be133dd3aae wp-block-paragraph\">\u00e0 atteindre.<\/p>\n\n\n\n<p class=\"has-black-color has-text-color has-link-color has-medium-font-size wp-elements-3ccdcc16d4c8785ed98719b53cc2671b wp-block-paragraph\">Depuis septembre 2025, une autre cam\u00e9ra est exploit\u00e9e \u00e0 titre priv\u00e9 par un membre de l'ENA. Il s'agit d'une cam\u00e9ra individuelle de type ZWO ASI 678 MC \u00e0 Bottenbach pr\u00e8s de Pirmasens. Celle-ci est disponible sous le lien<\/p>\n\n\n\n<p class=\"has-medium-font-size wp-block-paragraph\"><a href=\"https:\/\/www.allsky.madcat3108.de\/allsky\/\" target=\"_blank\" rel=\"noreferrer noopener\">https:\/\/www.allsky.madcat3108.de\/allsky\/<\/a><\/p>\n\n\n\n<p class=\"has-black-color has-text-color has-link-color has-medium-font-size wp-elements-a9dc716cb32e7860a85c9be133dd3aae wp-block-paragraph\">\u00e0 atteindre.<\/p>\n\n\n\n<p class=\"wp-block-paragraph\"><\/p>","protected":false},"excerpt":{"rendered":"<p>Sternwarten Technik Herzst\u00fcck unserer Sternwarte ist ein Spiegelteleskop der Bauart Schmidt-Cassegrain mit einem Spiegeldurchmesser von 35,6 cm (14&#8243;) und einer Brennweite von 3910 mm (Hersteller Celestron, Bezeichnung C14). Spiegelteleskope haben Abbildungsfehler, die vor allem&#46;&#46;&#46;<\/p>","protected":false},"author":4,"featured_media":0,"parent":0,"menu_order":0,"comment_status":"closed","ping_status":"closed","template":"","meta":{"_crdt_document":"","footnotes":""},"class_list":["post-1366","page","type-page","status-publish","hentry"],"_links":{"self":[{"href":"https:\/\/sternwarte-zweibruecken.de\/fr\/wp-json\/wp\/v2\/pages\/1366","targetHints":{"allow":["GET"]}}],"collection":[{"href":"https:\/\/sternwarte-zweibruecken.de\/fr\/wp-json\/wp\/v2\/pages"}],"about":[{"href":"https:\/\/sternwarte-zweibruecken.de\/fr\/wp-json\/wp\/v2\/types\/page"}],"author":[{"embeddable":true,"href":"https:\/\/sternwarte-zweibruecken.de\/fr\/wp-json\/wp\/v2\/users\/4"}],"replies":[{"embeddable":true,"href":"https:\/\/sternwarte-zweibruecken.de\/fr\/wp-json\/wp\/v2\/comments?post=1366"}],"version-history":[{"count":21,"href":"https:\/\/sternwarte-zweibruecken.de\/fr\/wp-json\/wp\/v2\/pages\/1366\/revisions"}],"predecessor-version":[{"id":3514,"href":"https:\/\/sternwarte-zweibruecken.de\/fr\/wp-json\/wp\/v2\/pages\/1366\/revisions\/3514"}],"wp:attachment":[{"href":"https:\/\/sternwarte-zweibruecken.de\/fr\/wp-json\/wp\/v2\/media?parent=1366"}],"curies":[{"name":"wp","href":"https:\/\/api.w.org\/{rel}","templated":true}]}}