{"id":1331,"date":"2022-12-12T18:44:56","date_gmt":"2022-12-12T18:44:56","guid":{"rendered":"https:\/\/sternwarte-zweibruecken.de\/?page_id=1331"},"modified":"2026-04-09T09:53:46","modified_gmt":"2026-04-09T09:53:46","slug":"evenements","status":"publish","type":"page","link":"https:\/\/sternwarte-zweibruecken.de\/fr\/veranstaltungen","title":{"rendered":"\u00c9v\u00e9nements"},"content":{"rendered":"<p class=\"has-black-color has-text-color has-link-color has-medium-font-size wp-elements-8e68ef24857de25211f39e7b25afd870 wp-block-paragraph\"><strong>Conf\u00e9rences publiques en soir\u00e9e sur le campus de Zweibr\u00fccken de l'Universit\u00e9 de Kaiserslautern\/Pirmasens\/Zweibr\u00fccken<\/strong><\/p>\r\n\r\n\r\n\r\n<p class=\"has-black-color has-text-color has-link-color has-medium-font-size wp-elements-e38cde8be38bbd5d431d2e3a1529de6a wp-block-paragraph\"><strong>Les manifestations ont lieu en allemand.<\/strong><\/p>\r\n<p class=\"has-black-color has-text-color has-link-color has-medium-font-size\"><br \/><br \/><\/p>\r\n\r\n\r\n<hr class=\"wp-block-separator has-alpha-channel-opacity is-style-dots\" \/>\r\n\r\n\r\n<p class=\"wp-block-paragraph\">&nbsp;<\/p>\r\n\r\n\r\n\r\n<h2 class=\"wp-elements-d4156f13cbb46e57161344c7b5a58751\"><span style=\"color: #003366;\">Prochains \u00e9v\u00e9nements<\/span><\/h2>\r\n<hr \/>\r\n\r\n\r\n<h3 class=\"wp-block-heading has-black-color has-text-color has-link-color has-medium-font-size\"><strong>\u2b50 Samedi 18.04.2026, 10h-15h, Observatoire de Zweibr\u00fccken<br \/><b>Journ\u00e9e campus ouvert de la HS Zweibr\u00fccken<\/b><\/strong><\/h3>\r\n\r\n\r\n\r\n<p class=\"has-black-color has-text-color has-link-color has-medium-font-size wp-elements-9c51aaec5ddf222b85a515ae7291fc9d wp-block-paragraph\">Lors de la journ\u00e9e \"Campus ouvert\" de la HS Zweibr\u00fccken, le 18 avril 2026, de 10 \u00e0 15 heures, les membres de l'association NAWI e.V. expliqueront le fonctionnement et l'exploitation de l'observatoire et des t\u00e9lescopes. Si le ciel est d\u00e9gag\u00e9, les visiteurs pourront observer le soleil. Mots-cl\u00e9s : structure du soleil, fusion nucl\u00e9aire, p\u00e9riodicit\u00e9 de 11 ans de Schwabe, taches solaires, inversion de la polarit\u00e9 du champ magn\u00e9tique, h\u00e9liosph\u00e8re, effets sur notre syst\u00e8me plan\u00e9taire.<\/p>\r\n\r\n\r\n\r\n<p class=\"has-black-color has-text-color has-link-color has-medium-font-size wp-elements-22727d24c5bc7607f40bdbe454db3d08 wp-block-paragraph\">Deux conf\u00e9rences seront \u00e9galement propos\u00e9es :<\/p>\r\n\r\n\r\n\r\n<p class=\"has-black-color has-text-color has-link-color has-medium-font-size wp-elements-67558416f883335b7b2f2eae0e8d275b wp-block-paragraph\"><strong>Campus HS Zweibr\u00fccken, 11h, salle A 136 ; 30 min chacun.<\/strong><\/p>\r\n\r\n\r\n\r\n<p class=\"has-black-color has-text-color has-link-color has-medium-font-size wp-elements-e3644d1b733221c20948987715243e32 wp-block-paragraph\"><strong>1. le professeur W. Arnold : que peut-on observer avec l'observatoire de NAWI e.V. sur le campus de la HS ?<\/strong><\/p>\r\n\r\n\r\n\r\n<p class=\"has-black-color has-text-color has-link-color has-medium-font-size wp-elements-74278b32615e5d03c1a3905917f8d0ea wp-block-paragraph\">A l'aide des observations de la com\u00e8te interstellaire 3I\/Atlas et du quasar double Q0957 + 561A\/B, les conditions dans lesquelles cela est possible avec notre observatoire amateur sont discut\u00e9es. Les observations permettent de faire l'exp\u00e9rience personnelle des lois de Kepler et des notions de vitesse de fuite, de courbure du chemin de la lumi\u00e8re dans les champs gravitationnels forts et d'utilisation d'un quasar comme microscope astronomique.<\/p>\r\n\r\n\r\n\r\n<p class=\"has-black-color has-text-color has-link-color has-medium-font-size wp-elements-585706a375e111667ad1b54af59e5cf8 wp-block-paragraph\"><strong>2 Dr. Rolf-Dieter Schad : L'\u00e9toile la plus proche - Notre Soleil<\/strong><\/p>\r\n\r\n\r\n\r\n<p class=\"has-black-color has-text-color has-link-color has-medium-font-size wp-elements-5e289740b8ebf43e155bb46dc4bc487b wp-block-paragraph\">Sans le soleil, huit plan\u00e8tes n'auraient pas pu se former et la vie n'aurait pas pu se d\u00e9velopper sur la Terre.  Cela semble tout \u00e0 fait unique, et pourtant, d'un point de vue physique, presque tous les points lumineux que l'on peut voir dans le firmament nocturne sont \u00e9galement des soleils.<\/p>\r\n\r\n\r\n\r\n<p class=\"has-black-color has-text-color has-link-color has-medium-font-size wp-elements-2fd33c1abba6126a6e7e885a9965a8aa wp-block-paragraph\">Comment est-elle n\u00e9e ? Comment est-elle construite ? D'o\u00f9 tire-t-elle son \u00e9nergie ? Que peut-on observer avec certitude, m\u00eame avec des moyens tr\u00e8s simples ? Quel sera son destin \u00e0 l'avenir ?<br \/><br \/><\/p>\r\n\r\n\r\n<hr class=\"wp-block-separator has-alpha-channel-opacity\" \/>\r\n\r\n\r\n<h3 class=\"wp-block-heading has-black-color has-text-color has-link-color has-medium-font-size\"><strong>Mercredi 29.04.2026, 19h00, Audimax et livestream<br \/>L'homme 2.0 - L'homme a-t-il besoin d'une mise \u00e0 niveau ?<br \/>Dr. Verena L\u00fctschg, About Tomorrow Consulting, Baden, Suisse<\/strong><\/h3>\r\n\r\n\r\n\r\n<p class=\"has-black-color has-text-color has-link-color has-medium-font-size wp-elements-63270eef505d5133686cc28c26011b43 wp-block-paragraph\">Des puces dans le cerveau qui relient nos pens\u00e9es \u00e0 Internet. Des ciseaux g\u00e9n\u00e9tiques qui effacent les maladies h\u00e9r\u00e9ditaires ou cr\u00e9ent des b\u00e9b\u00e9s design. Des proth\u00e8ses qui peuvent faire plus que l'original et des sens \u201einhumains\u201c qui nous ouvrent des mondes enti\u00e8rement nouveaux. Ce qui relevait encore de la science-fiction il y a quelques ann\u00e9es est d\u00e9j\u00e0 une r\u00e9alit\u00e9 dans les laboratoires du monde entier. Le transhumanisme ne promet rien de moins que le d\u00e9passement des limites biologiques : une vie plus longue, plus intelligente et plus performante.<\/p>\r\n\r\n\r\n\r\n<p class=\"has-black-color has-text-color has-link-color has-medium-font-size wp-elements-5e39e7971b5a92642ea60c66e1b02d2d wp-block-paragraph\">Mais qui d\u00e9termine ce qu'est une \u201emeilleure\u201c personne ? L'am\u00e9lioration sera-t-elle l'apanage des riches ? Et si nous pouvons tout optimiser en nous, que restera-t-il de l'humanit\u00e9 ?<\/p>\r\n\r\n\r\n\r\n<p class=\"has-black-color has-text-color has-link-color has-medium-font-size wp-elements-037e97e736da7fbc4e794104e57fd5bb wp-block-paragraph\">Cette conf\u00e9rence vous emm\u00e8ne dans un voyage \u00e0 la fronti\u00e8re entre l'homme et la machine, entre le progr\u00e8s m\u00e9dical et l'hybris technologique. Il montre ce qui est d\u00e9j\u00e0 possible aujourd'hui, ce qui pourrait arriver demain et pourquoi les questions les plus importantes ne sont pas techniques, mais \u00e9thiques. Ne vous attendez pas \u00e0 des r\u00e9ponses simples, mais \u00e0 une discussion anim\u00e9e, \u00e0 des points de vue surprenants et \u00e0 des questions qui ne vous l\u00e2cheront plus.<\/p>\r\n\r\n\r\n\r\n<p class=\"has-black-color has-text-color has-link-color has-medium-font-size wp-elements-75caf58eca91d5f5266fbcc1218ff788 wp-block-paragraph\">Verena L\u00fctschg a obtenu un doctorat en biologie mol\u00e9culaire et a travaill\u00e9 dans des cabinets de conseil en management, des entreprises et des think tanks internationaux. Aujourd'hui, elle dirige \u00e0 Zurich sa propre soci\u00e9t\u00e9 de conseil en technologie, \u201eAbout Tomorrow Consulting\u201c, et s'est sp\u00e9cialis\u00e9e dans la transmission des connaissances, les innovations technologiques et leur impact sur la soci\u00e9t\u00e9.<\/p>\r\n\r\n\r\n\r\n<p class=\"has-black-color has-text-color has-link-color has-medium-font-size wp-elements-47c2e0f75d8e0189ead550bf008f3598 wp-block-paragraph\"><strong>Plus d'informations :<\/strong><\/p>\r\n\r\n\r\n\r\n<p class=\"has-medium-font-size wp-block-paragraph\"><a href=\"https:\/\/www.about-tomorrow.com\" target=\"_blank\" rel=\"noreferrer noopener\">https:\/\/www.about-tomorrow.com<\/a><br \/><br \/><\/p>\r\n\r\n\r\n<hr class=\"wp-block-separator has-alpha-channel-opacity\" \/>\r\n<h3 class=\"wp-block-heading has-black-color has-text-color has-link-color has-medium-font-size\"><strong>Mercredi 27.05.2026, 19h00, Audimax et livestream<br \/>Le proc\u00e8s de l'Inquisition contre Galileo Galilei - La difficile relation entre Ratio et Religio<br \/>Pierre Leich, pr\u00e9sident de la Soci\u00e9t\u00e9 Simon Marius, Nuremberg<\/strong><\/h3>\r\n\r\n<p class=\"has-black-color has-text-color has-link-color has-medium-font-size wp-elements-6d8254a80b51640757db0eee92e6324e wp-block-paragraph\">Malgr\u00e9 des preuves indiscutables en faveur de la vision h\u00e9liocentrique du monde, Galileo Galilei a \u00e9t\u00e9 admonest\u00e9 par le Vatican en 1616, puis accus\u00e9 d'h\u00e9r\u00e9sie et condamn\u00e9 en 1633. Tel est le r\u00e9sum\u00e9 populaire du proc\u00e8s. Aujourd'hui, Galil\u00e9e est volontiers consid\u00e9r\u00e9 comme la \u201eSainte Vierge d'Orl\u00e9ans des sciences naturelles\u201c. Mais comment peut-on aujourd'hui \u00e9valuer ses preuves de la doctrine copernicienne ? Comment une th\u00e9orie astronomique peut-elle susciter autant de remous \u00e0 l'\u00e9poque de la guerre de Trente Ans et quelle \u00e9tait r\u00e9ellement la cause du conflit avec l'\u00c9glise ?<\/p>\r\n\r\n\r\n\r\n<p class=\"has-black-color has-text-color has-link-color has-medium-font-size wp-elements-9526e0fb56e39e28240a0906d7c56f1f wp-block-paragraph\">Pierre Leich a \u00e9tudi\u00e9 la philosophie et s'est sp\u00e9cialis\u00e9 dans la th\u00e9orie et l'histoire des sciences. Dans sa conf\u00e9rence, il parlera d'un chercheur de g\u00e9nie qui a durablement chang\u00e9 la vision du monde de l'\u00e9poque.<\/p>\r\n\r\n\r\n\r\n<p class=\"has-black-color has-text-color has-link-color has-medium-font-size wp-elements-8210d65568e080c694ed372aa9ff3ff9 wp-block-paragraph\"><strong>Plus d'informations : <\/strong><\/p>\r\n\r\n\r\n\r\n<p class=\"has-medium-font-size wp-block-paragraph\"><a href=\"https:\/\/www.pl-visit.net\" target=\"_blank\" rel=\"noreferrer noopener\">https:\/\/www.pl-visit.net<\/a><\/p>\r\n\r\n\r\n\r\n<p class=\"has-medium-font-size wp-block-paragraph\"><a href=\"https:\/\/www.art-und-friedrich.de\/persons.php?person=10\" target=\"_blank\" rel=\"noreferrer noopener\">https:\/\/www.art-und-friedrich.de\/persons.php?person=10<\/a><\/p>\r\n\r\n\r\n\r\n<p class=\"has-medium-font-size wp-block-paragraph\"><a href=\"https:\/\/pl-visit.net\/index.php?hauptnav=privat&amp;unternav=veroeffentlichungen\" target=\"_blank\" rel=\"noreferrer noopener\">https:\/\/pl-visit.net\/index.php?hauptnav=privat&amp;unternav=veroeffentlichungen<\/a><\/p>\r\n\r\n\r\n\r\n<p class=\"has-medium-font-size wp-block-paragraph\"><a href=\"https:\/\/pl-visit.net\/index.php?hauptnav=privat&amp;unternav=aktivitaeten\" target=\"_blank\" rel=\"noreferrer noopener\">https:\/\/pl-visit.net\/index.php?hauptnav=privat&amp;unternav=aktivitaeten<\/a><br \/><br \/><br \/><\/p>\r\n\r\n\r\n<hr class=\"wp-block-separator has-alpha-channel-opacity is-style-dots\" \/>\r\n\r\n\r\n<p class=\"wp-block-paragraph\">&nbsp;<\/p>\r\n\r\n\r\n\r\n<h2 class=\"wp-block-heading\"><span style=\"color: #003366;\">\u00c9v\u00e9nements pass\u00e9s<\/span><\/h2>\r\n\r\n\r\n<hr class=\"wp-block-separator has-alpha-channel-opacity\" \/>\r\n\r\n\r\n<h3 class=\"has-black-color has-text-color has-link-color has-medium-font-size wp-elements-469bdcf7a9541ca8aa2743395181c4ee\"><strong>Mercredi, 08.04.2026, 19h00, Audimax et livestream<br \/>Le survol de la com\u00e8te de Halley par la sonde Giotto<br \/>Dr. Gerhard Schwehm, ancien manager \u00e0 l'ESA<\/strong><\/h3>\r\n<p class=\"wp-block-paragraph\">\r\n\r\n<\/p>\r\n<p class=\"has-black-color has-text-color has-link-color has-medium-font-size wp-elements-49d422c0083639a7a23d3d271020aa1e wp-block-paragraph\">Une rencontre d'un genre particulier : il y a 40 ans, dans la nuit du 13 au 14 mars 1986, Giotto a d\u00e9pass\u00e9 la com\u00e8te de Halley \u00e0 une distance de seulement 600 km. Il s'agissait de la premi\u00e8re mission interplan\u00e9taire de l'ESA ; un \u00e9norme succ\u00e8s pour la science europ\u00e9enne. La sonde a fourni la premi\u00e8re image du noyau d'une com\u00e8te. La mission Giotto a apport\u00e9 de tr\u00e8s nombreuses nouvelles connaissances sur la composition des com\u00e8tes et sur l'interaction des com\u00e8tes avec le milieu interplan\u00e9taire.<\/p>\r\n<p>\r\n\r\n<\/p>\r\n<p class=\"has-black-color has-text-color has-link-color has-medium-font-size wp-elements-ff8af5d081295d72d43031ba4850bfb1 wp-block-paragraph\">Pourquoi les com\u00e8tes sont-elles si fascinantes ? Pourquoi les scientifiques r\u00eavent-ils d'une mission vers une com\u00e8te depuis le d\u00e9but de l'\u00e8re spatiale ?<\/p>\r\n<p>\r\n\r\n<\/p>\r\n<p class=\"has-black-color has-text-color has-link-color has-medium-font-size wp-elements-16faffc62e7ba4294a04605b1f5e0166 wp-block-paragraph\">Gerhard Schwehm, ancien scientifique de projet pour la mission Giotto \u00e0 l'ESA, pr\u00e9sentera un aper\u00e7u du contexte de la mission et des d\u00e9fis technologiques. Il montrera comment la recherche sur les com\u00e8tes a \u00e9t\u00e9 influenc\u00e9e par cette mission. Il partagera \u00e9galement quelques souvenirs personnels avec le public et donnera ainsi une id\u00e9e de la fascination qu'exerce la participation \u00e0 un tel projet.<\/p>\r\n<p><\/p>\r\n<p>&nbsp;<\/p>\r\n<p><\/p>\r\n<p class=\"has-black-color has-text-color has-link-color has-medium-font-size wp-elements-a39c7fc6d0c9aee7797ef46e829cdfbb wp-block-paragraph\"><strong>Plus d'informations :<\/strong><\/p>\r\n<p>\r\n\r\n<\/p>\r\n<p class=\"has-medium-font-size wp-block-paragraph\"><a href=\"https:\/\/de.wikipedia.org\/wiki\/Halleyscher_Komet\" target=\"_blank\" rel=\"noreferrer noopener\">https:\/\/de.wikipedia.org\/wiki\/Halleyscher_Komet<\/a><\/p>\r\n<p>\r\n\r\n<\/p>\r\n<p class=\"has-black-color has-text-color has-link-color has-medium-font-size wp-elements-76cedd24e3de198423cac2f333dad6c9 wp-block-paragraph\"><strong>Livestream :<\/strong><br \/><br \/>Nous nous r\u00e9jouissons bien s\u00fbr d'accueillir le plus grand nombre possible d'invit\u00e9s locaux, mais nous offrirons \u00e0 ceux qui n'ont pas la possibilit\u00e9 de se rendre \u00e0 Zweibr\u00fccken la possibilit\u00e9 de suivre nos conf\u00e9rences en direct sur Internet. Le livestream sera en ligne le jour de la conf\u00e9rence \u00e0 partir d'environ 18h45 et sera \u00e9galement accessible depuis l'ext\u00e9rieur de l'universit\u00e9 (sans inscription ni donn\u00e9es d'acc\u00e8s).<\/p>\r\n<p>\r\n\r\n<\/p>\r\n<p class=\"has-black-color has-text-color has-link-color has-medium-font-size wp-elements-888050a3efd3de150bf3fb40a50c48b8 wp-block-paragraph\">Le lien est le m\u00eame pour toutes les pr\u00e9sentations et est le suivant :<\/p>\r\n<p>\r\n\r\n<\/p>\r\n<p class=\"has-medium-font-size wp-block-paragraph\"><a href=\"https:\/\/hs-kl.de\/livestream\" target=\"_blank\" rel=\"noreferrer noopener\"><em>hs-kl.de\/livestream<\/em><\/a><br \/><br \/><\/p>\r\n<hr class=\"wp-block-separator has-alpha-channel-opacity\" \/>\r\n<p>\r\n\r\n<\/p>\r\n<p class=\"has-black-color has-text-color has-link-color has-medium-font-size\"><strong>Journ\u00e9e de l'astronomie le 28 mars 2026<\/strong><\/p>\r\n\r\n\r\n\r\n<figure class=\"wp-block-image size-large is-resized\"><img loading=\"lazy\" decoding=\"async\" width=\"1024\" height=\"351\" class=\"wp-image-3614\" style=\"width: 867px; height: auto;\" src=\"https:\/\/sternwarte-zweibruecken.de\/wp-content\/uploads\/2026\/02\/VdS_Astronomietag-2026_Banner-Allgemein_2560x877-1-1024x351.jpg\" alt=\"\" srcset=\"https:\/\/sternwarte-zweibruecken.de\/wp-content\/uploads\/2026\/02\/VdS_Astronomietag-2026_Banner-Allgemein_2560x877-1-1024x351.jpg 1024w, https:\/\/sternwarte-zweibruecken.de\/wp-content\/uploads\/2026\/02\/VdS_Astronomietag-2026_Banner-Allgemein_2560x877-1-300x103.jpg 300w, https:\/\/sternwarte-zweibruecken.de\/wp-content\/uploads\/2026\/02\/VdS_Astronomietag-2026_Banner-Allgemein_2560x877-1-768x263.jpg 768w, https:\/\/sternwarte-zweibruecken.de\/wp-content\/uploads\/2026\/02\/VdS_Astronomietag-2026_Banner-Allgemein_2560x877-1-1536x526.jpg 1536w, https:\/\/sternwarte-zweibruecken.de\/wp-content\/uploads\/2026\/02\/VdS_Astronomietag-2026_Banner-Allgemein_2560x877-1-2048x702.jpg 2048w, https:\/\/sternwarte-zweibruecken.de\/wp-content\/uploads\/2026\/02\/VdS_Astronomietag-2026_Banner-Allgemein_2560x877-1-18x6.jpg 18w\" sizes=\"auto, (max-width: 1024px) 100vw, 1024px\" \/><\/figure>\r\n\r\n\r\n\r\n<p class=\"has-black-color has-text-color has-link-color has-medium-font-size wp-elements-9ab6c0f353dba0ff794fdb8a50f81f9b wp-block-paragraph\"><br \/>Lors de la journ\u00e9e nationale de l'astronomie 2026, les observatoires, plan\u00e9tariums, instituts de recherche, mus\u00e9es, \u00e9coles et particuliers (organisateurs dans toute l'Allemagne, l'Autriche et la Suisse) vous invitent \u00e0 nouveau \u00e0 explorer le monde des \u00e9toiles avec vos propres yeux. Au programme : la g\u00e9ante gazeuse Jupiter et ses quatre grandes lunes, notre plan\u00e8te s\u0153ur V\u00e9nus et une grande formation lunaire, appel\u00e9e l'Anse d'or.<\/p>\r\n<p class=\"has-black-color has-text-color has-link-color has-medium-font-size\">\u00a0<\/p>\r\n<p class=\"has-black-color has-text-color has-link-color has-medium-font-size\">L'association des sciences naturelles de Zweibr\u00fccken NAWI e.V. ouvre son observatoire de 19h00 \u00e0 23h00. Si le ciel est nuageux, nous expliquerons notre observatoire et les instruments utilis\u00e9s.<\/p>\r\n\r\n\r\n\r\n<p class=\"has-black-color has-text-color has-link-color has-medium-font-size wp-elements-21885b4e69a8aa2c9158358c569d0aeb wp-block-paragraph\">L'entr\u00e9e est gratuite et il n'est pas n\u00e9cessaire de s'inscrire \u00e0 l'avance.<\/p>\r\n\r\n\r\n<hr class=\"wp-block-separator has-alpha-channel-opacity\" \/>\r\n\r\n\r\n<h3 class=\"wp-block-heading has-text-align-left has-black-color has-text-color has-link-color has-medium-font-size wp-elements-8d5c06409e6ca119c75dc537b137de24\"><strong>Mercredi 14.01.2026, 19h00, Audimax et livestream<br \/>Dr. Christoph Endres, sequire technology GmbH, Sarrebruck<br \/>L'IA entre bouclier et arme d'attaque<\/strong><\/h3>\r\n\r\n\r\n\r\n<p class=\"has-black-color has-text-color has-link-color has-medium-font-size wp-elements-991ca709f6c8f2d9e6ad55a46052d464 wp-block-paragraph\">L'intelligence artificielle (IA) transforme notre monde, elle est \u00e0 la fois un outil et une arme : l'IA peut nous prot\u00e9ger contre les cyberattaques ou \u00eatre utilis\u00e9e \u00e0 mauvais escient par les agresseurs.<br \/>Les syst\u00e8mes d'IA ne se composent pas seulement de logiciels, mais aussi de donn\u00e9es et de mod\u00e8les complexes qui offrent de nouvelles surfaces d'attaque - par exemple par des donn\u00e9es d'entra\u00eenement manipul\u00e9es ou des tromperies cibl\u00e9es. Ils peuvent analyser d'\u00e9normes quantit\u00e9s de donn\u00e9es, reconna\u00eetre \u00e0 temps des mod\u00e8les suspects et aider ainsi \u00e0 contrer les attaques avant que des dommages ne soient caus\u00e9s. Mais l'IA peut \u00e9galement \u00eatre utilis\u00e9e par les cybercriminels, par exemple pour g\u00e9n\u00e9rer des e-mails d'hame\u00e7onnage trompeurs ou pour des piratages automatis\u00e9s.<\/p>\r\n\r\n\r\n\r\n<p class=\"has-black-color has-text-color has-link-color has-medium-font-size wp-elements-562e892661867b8541d2f185af4066e7 wp-block-paragraph\">L'expos\u00e9 montrera comment les syst\u00e8mes d'IA peuvent \u00eatre s\u00e9curis\u00e9s, comment ils contribuent \u00e0 la d\u00e9fense et pourquoi ils repr\u00e9sentent en m\u00eame temps de nouveaux risques.<\/p>\r\n\r\n\r\n\r\n<p class=\"has-black-color has-text-color has-link-color has-medium-font-size wp-elements-1e91384a55f0c3f1bc9e626baf378c1c wp-block-paragraph\">Dr. Christoph Endres est un informaticien avec plus de 20 ans d'exp\u00e9rience professionnelle dans la recherche sur l'IA. Il est directeur de sequire technology GmbH, une petite entreprise de Sarrebruck qui s'occupe de la s\u00e9curit\u00e9 des syst\u00e8mes d'IA. Il enseigne \u00e9galement l'IA dans le milieu universitaire \u00e0 la Scheer School for Digital Sciences, dirige un groupe d'experts sur la s\u00e9curit\u00e9 de l'IA en collaboration avec l'Office f\u00e9d\u00e9ral de la s\u00e9curit\u00e9 des technologies de l'information (BSI) et est expert en cybers\u00e9curit\u00e9 aupr\u00e8s de l'Agence f\u00e9d\u00e9rale des r\u00e9seaux.<\/p>\r\n\r\n\r\n\r\n<p class=\"has-black-color has-text-color has-link-color has-medium-font-size wp-elements-09021209d18f58d50fb63b01edafe579 wp-block-paragraph\"><strong><span dir=\"auto\" style=\"vertical-align: inherit;\"><span dir=\"auto\" style=\"vertical-align: inherit;\"><strong>Plus d'informations :<\/strong><\/span><\/span><\/strong><\/p>\r\n\r\n\r\n\r\n<p class=\"has-medium-font-size wp-block-paragraph\"><a href=\"https:\/\/sequire.de\/de\/\" target=\"_blank\" rel=\"noreferrer noopener\">sequire.de\/fr\/<\/a><\/p>\r\n\r\n\r\n\r\n<p class=\"has-medium-font-size wp-block-paragraph\"><a href=\"https:\/\/idw-online.de\/de\/news819202\" target=\"_blank\" rel=\"noreferrer noopener\">idw-online.de\/fr\/news819202<\/a><\/p>\r\n\r\n\r\n\r\n<p class=\"has-black-color has-text-color has-link-color has-medium-font-size wp-elements-b90849692040014173c18220f1bbf8a4 wp-block-paragraph\"><strong><span dir=\"auto\" style=\"vertical-align: inherit;\"><span dir=\"auto\" style=\"vertical-align: inherit;\">Nous nous r\u00e9jouissons bien s\u00fbr d'accueillir le plus grand nombre possible d'invit\u00e9s locaux, mais nous offrirons \u00e0 ceux qui n'ont pas la possibilit\u00e9 de se rendre \u00e0 Zweibr\u00fccken la possibilit\u00e9 de suivre nos conf\u00e9rences en direct sur Internet. Le livestream sera en ligne le jour de la conf\u00e9rence \u00e0 partir d'environ 18h45 et sera \u00e9galement accessible depuis l'ext\u00e9rieur de l'universit\u00e9 (sans inscription ni donn\u00e9es d'acc\u00e8s). Le lien est le m\u00eame pour toutes les conf\u00e9rences et est le suivant :\u00a0<\/span><\/span><\/strong><\/p>\r\n\r\n\r\n\r\n<p class=\"has-medium-font-size wp-block-paragraph\"><a href=\"https:\/\/hs-kl.de\/livestream\" target=\"_blank\" rel=\"noreferrer noopener\">hs-kl.de\/livestream<\/a><\/p>\r\n\r\n\r\n\r\n<p class=\"has-medium-font-size wp-block-paragraph\">\u00a0<\/p>\r\n\r\n\r\n<hr class=\"wp-block-separator has-alpha-channel-opacity\" \/>\r\n\r\n\r\n<p class=\"has-black-color has-text-color has-medium-font-size wp-block-paragraph\"><strong>Journ\u00e9e de l'astronomie<\/strong><\/p>\r\n\r\n\r\n\r\n<p class=\"has-black-color has-text-color has-medium-font-size wp-block-paragraph\">Depuis l'ann\u00e9e internationale de l'astronomie 2009, l'ENA participe r\u00e9guli\u00e8rement \u00e0 la journ\u00e9e de l'astronomie et nous accueillons \u00e0 chaque fois de nombreux visiteurs \u00e0 l'observatoire.<\/p>\r\n\r\n\r\n\r\n<p class=\"wp-block-paragraph\">&nbsp;<\/p>\r\n\r\n\r\n<hr class=\"wp-block-separator has-alpha-channel-opacity\" \/>\r\n\r\n\r\n<p class=\"has-black-color has-text-color has-medium-font-size wp-block-paragraph\"><strong>Campus ouvert<\/strong><\/p>\r\n\r\n\r\n\r\n<p class=\"has-black-color has-text-color has-medium-font-size wp-block-paragraph\">Lors de la journ\u00e9e annuelle de l'\"OpenCampus\" de l'universit\u00e9, nous ouvrons l'observatoire si le temps le permet. Nous expliquons le fonctionnement de la technique et des t\u00e9lescopes et pouvons proposer les observations suivantes :<\/p>\r\n\r\n\r\n\r\n<p class=\"has-black-color has-text-color has-medium-font-size wp-block-paragraph\"><span style=\"color: #000000;\">- Observation du soleil avec notre t\u00e9lescope H-alpha, des taches solaires, des granulations et des protub\u00e9rances<\/span><br \/><span style=\"color: #000000;\">- Observation de plan\u00e8tes et m\u00eame d\u2019\u00e9toiles dans le ciel diurne<\/span><\/p>\r\n\r\n\r\n\r\n<p class=\"wp-block-paragraph\">&nbsp;<\/p>\r\n\r\n\r\n<hr class=\"wp-block-separator has-alpha-channel-opacity is-style-dots\" \/>\r\n\r\n\r\n<p class=\"wp-block-paragraph\">&nbsp;<\/p>\r\n\r\n\r\n\r\n<h2 class=\"wp-block-heading\"><strong>\ud83d\udcc1<span style=\"color: #003366;\"> \u00c9v\u00e9nements archiv\u00e9s :<\/span><\/strong><\/h2>\r\n\r\n\r\n\r\n<ul class=\"wp-block-list\">\r\n<li class=\"has-medium-font-size\"><a href=\"\/fr\/archives-2025-evenements\/\">Archives 2025<\/a><\/li>\r\n\r\n\r\n\r\n<li class=\"has-medium-font-size\"><a href=\"\/fr\/archives-2024-evenements\/\">Archives 2024<\/a><\/li>\r\n\r\n\r\n\r\n<li class=\"has-medium-font-size\"><a href=\"\/fr\/archives-2023-evenements\/\">Archives 2023<\/a><\/li>\r\n<\/ul>","protected":false},"excerpt":{"rendered":"<p>\u00d6ffentliche Abendvortr\u00e4ge am Campus Zweibr\u00fccken der Hochschule Kaiserslautern\/Pirmasens\/Zweibr\u00fccken Die Veranstaltungen finden in deutscher Sprache statt. &nbsp; Kommende Veranstaltungen \u2b50 Samstag, 18.04.2026, 10-15 Uhr, Sternwarte Zweibr\u00fcckenTag des Offenen Campus der HS Zweibr\u00fccken Am Tag des&#46;&#46;&#46;<\/p>","protected":false},"author":6,"featured_media":0,"parent":0,"menu_order":0,"comment_status":"closed","ping_status":"closed","template":"","meta":{"_crdt_document":"","footnotes":""},"class_list":["post-1331","page","type-page","status-publish","hentry"],"_links":{"self":[{"href":"https:\/\/sternwarte-zweibruecken.de\/fr\/wp-json\/wp\/v2\/pages\/1331","targetHints":{"allow":["GET"]}}],"collection":[{"href":"https:\/\/sternwarte-zweibruecken.de\/fr\/wp-json\/wp\/v2\/pages"}],"about":[{"href":"https:\/\/sternwarte-zweibruecken.de\/fr\/wp-json\/wp\/v2\/types\/page"}],"author":[{"embeddable":true,"href":"https:\/\/sternwarte-zweibruecken.de\/fr\/wp-json\/wp\/v2\/users\/6"}],"replies":[{"embeddable":true,"href":"https:\/\/sternwarte-zweibruecken.de\/fr\/wp-json\/wp\/v2\/comments?post=1331"}],"version-history":[{"count":194,"href":"https:\/\/sternwarte-zweibruecken.de\/fr\/wp-json\/wp\/v2\/pages\/1331\/revisions"}],"predecessor-version":[{"id":3739,"href":"https:\/\/sternwarte-zweibruecken.de\/fr\/wp-json\/wp\/v2\/pages\/1331\/revisions\/3739"}],"wp:attachment":[{"href":"https:\/\/sternwarte-zweibruecken.de\/fr\/wp-json\/wp\/v2\/media?parent=1331"}],"curies":[{"name":"wp","href":"https:\/\/api.w.org\/{rel}","templated":true}]}}