{"id":40,"date":"2019-01-16T13:43:14","date_gmt":"2019-01-16T12:43:14","guid":{"rendered":"http:\/\/10.3.60.169\/nawi\/?page_id=40"},"modified":"2022-09-28T15:49:36","modified_gmt":"2022-09-28T15:49:36","slug":"imprint","status":"publish","type":"page","link":"https:\/\/sternwarte-zweibruecken.de\/en\/impressum","title":{"rendered":"Imprint"},"content":{"rendered":"<p class=\"wp-block-paragraph\">The public observatory is an institution of the Zweibr\u00fccken Natural Science Association.<br>It is operated and managed by this association.&nbsp;<\/p>\n\n\n\n<p class=\"wp-block-paragraph\"><strong>Responsible for this website<\/strong><\/p>\n\n\n\n<p class=\"wp-block-paragraph\">Natural Science Association of Zweibr\u00fccken e.V.<br>Dr. rer.nat. Walter Arnold<br>Amerikastrasse 1<br>66482 Zweibr\u00fccken <\/p>\n\n\n\n<p class=\"wp-block-paragraph\">E-mail: info@nawi-zw.de<\/p>\n\n\n\n<p class=\"wp-block-paragraph\">Registered at Zweibr\u00fccken Local Court - VR787Z&nbsp;<br>Bank details: Sparkasse S\u00fcdwestpfalz, BLZ: 542 500 10, account number: 75 036 640&nbsp; <br> <\/p>","protected":false},"excerpt":{"rendered":"<p>Die Volkssternwarte ist eine Einrichtung des Naturwissenschaftlichen Vereins zu Zweibr\u00fccken.Sie wird von diesem Verein betrieben und verwaltet.&nbsp; Verantwortlich f\u00fcr diese Website Naturwissenschaftlicher Verein zu Zweibr\u00fccken e.V.Dr. rer.nat. Walter ArnoldAmerikastra\u00dfe 166482 Zweibr\u00fccken E-Mail: info@nawi-zw.de Eingetragen&#46;&#46;&#46;<\/p>","protected":false},"author":7,"featured_media":0,"parent":0,"menu_order":0,"comment_status":"closed","ping_status":"closed","template":"","meta":{"_crdt_document":"","footnotes":""},"class_list":["post-40","page","type-page","status-publish","hentry"],"_links":{"self":[{"href":"https:\/\/sternwarte-zweibruecken.de\/en\/wp-json\/wp\/v2\/pages\/40","targetHints":{"allow":["GET"]}}],"collection":[{"href":"https:\/\/sternwarte-zweibruecken.de\/en\/wp-json\/wp\/v2\/pages"}],"about":[{"href":"https:\/\/sternwarte-zweibruecken.de\/en\/wp-json\/wp\/v2\/types\/page"}],"author":[{"embeddable":true,"href":"https:\/\/sternwarte-zweibruecken.de\/en\/wp-json\/wp\/v2\/users\/7"}],"replies":[{"embeddable":true,"href":"https:\/\/sternwarte-zweibruecken.de\/en\/wp-json\/wp\/v2\/comments?post=40"}],"version-history":[{"count":7,"href":"https:\/\/sternwarte-zweibruecken.de\/en\/wp-json\/wp\/v2\/pages\/40\/revisions"}],"predecessor-version":[{"id":1003,"href":"https:\/\/sternwarte-zweibruecken.de\/en\/wp-json\/wp\/v2\/pages\/40\/revisions\/1003"}],"wp:attachment":[{"href":"https:\/\/sternwarte-zweibruecken.de\/en\/wp-json\/wp\/v2\/media?parent=40"}],"curies":[{"name":"wp","href":"https:\/\/api.w.org\/{rel}","templated":true}]}}