{"id":2095,"date":"2023-08-03T14:10:51","date_gmt":"2023-08-03T14:10:51","guid":{"rendered":"https:\/\/sternwarte-zweibruecken.de\/?page_id=2095"},"modified":"2026-03-07T18:46:35","modified_gmt":"2026-03-07T18:46:35","slug":"donate","status":"publish","type":"page","link":"https:\/\/sternwarte-zweibruecken.de\/en\/spenden","title":{"rendered":"Donations"},"content":{"rendered":"<p class=\"has-black-color has-text-color has-link-color wp-elements-ff52ad6dec60936d6de7f96516ec26cd wp-block-paragraph\">Voluntary work, contributions from the members of our non-profit association and donations make it possible to operate the observatory on the Zweibr\u00fccken university campus. We would be pleased to receive any further financial support for technical expansions.<\/p>\r\n\r\n\r\n\r\n<p class=\"has-black-color has-text-color has-link-color wp-elements-f21b4d48e9721992e3e9ec5c6f0aa585 wp-block-paragraph\"> Donations to the Zweibr\u00fccken Observatory are tax-deductible. Our account details are as follows:<\/p>\r\n\r\n\r\n\r\n<p class=\"has-black-color has-text-color has-link-color wp-elements-381eccb1e9272e9c5ddac27ea27a9ecf wp-block-paragraph\">NAWI e.V.<br>Savings Bank S\u00fcdwestpfalz<br>IBAN DE80 5425 0010 0075 0366 40<\/p>\r\n\r\n\r\n\r\n<p class=\"has-black-color has-text-color has-link-color wp-elements-8e3e6ef8a693e3e2fa0c6289fec006d9 wp-block-paragraph\"> For amounts up to 300 euros, you can simply provide your tax office with a copy of your bank statement as proof of your donation. On request and for amounts over 300 euros, you can receive a donation receipt by post. For this purpose, please send your postal address to <a href=\"mailto:info@nawi-zw.de\">e-mail<\/a> with. The Naturwissenschaftlicher Verein zu Zweibr\u00fccken e.V. (NAWI) is entitled to do so due to the promotion of scientific purposes according to the last decision of the Pirmasens-Zweibr\u00fccken tax office dated October 9, 2025 (file number 35\/654\/1141\/ 3) in accordance with Section 5 (1) No. 9 of the Corporation Tax Act. It serves exclusively and directly tax-privileged charitable purposes within the meaning of \u00a7\u00a7 51 ff. AO.<\/p>","protected":false},"excerpt":{"rendered":"<p>Ehrenamtliche Arbeit, die Beitr\u00e4ge der Mitglieder unseres gemeinn\u00fctzigen Vereins und Spenden erm\u00f6glichen den Betrieb der Sternwarte auf dem Zweibr\u00fccker Hochschulcampus. F\u00fcr technische Erweiterungen w\u00fcrden wir uns \u00fcber jede weitere finanzielle Unterst\u00fctzung freuen. Spenden an&#46;&#46;&#46;<\/p>","protected":false},"author":7,"featured_media":0,"parent":0,"menu_order":0,"comment_status":"closed","ping_status":"closed","template":"","meta":{"_crdt_document":"","footnotes":""},"class_list":["post-2095","page","type-page","status-publish","hentry"],"_links":{"self":[{"href":"https:\/\/sternwarte-zweibruecken.de\/en\/wp-json\/wp\/v2\/pages\/2095","targetHints":{"allow":["GET"]}}],"collection":[{"href":"https:\/\/sternwarte-zweibruecken.de\/en\/wp-json\/wp\/v2\/pages"}],"about":[{"href":"https:\/\/sternwarte-zweibruecken.de\/en\/wp-json\/wp\/v2\/types\/page"}],"author":[{"embeddable":true,"href":"https:\/\/sternwarte-zweibruecken.de\/en\/wp-json\/wp\/v2\/users\/7"}],"replies":[{"embeddable":true,"href":"https:\/\/sternwarte-zweibruecken.de\/en\/wp-json\/wp\/v2\/comments?post=2095"}],"version-history":[{"count":7,"href":"https:\/\/sternwarte-zweibruecken.de\/en\/wp-json\/wp\/v2\/pages\/2095\/revisions"}],"predecessor-version":[{"id":3638,"href":"https:\/\/sternwarte-zweibruecken.de\/en\/wp-json\/wp\/v2\/pages\/2095\/revisions\/3638"}],"wp:attachment":[{"href":"https:\/\/sternwarte-zweibruecken.de\/en\/wp-json\/wp\/v2\/media?parent=2095"}],"curies":[{"name":"wp","href":"https:\/\/api.w.org\/{rel}","templated":true}]}}