{"id":1845,"date":"2023-03-22T19:38:25","date_gmt":"2023-03-22T19:38:25","guid":{"rendered":"https:\/\/sternwarte-zweibruecken.de\/?page_id=1845"},"modified":"2024-11-29T22:13:12","modified_gmt":"2024-11-29T22:13:12","slug":"public-observation-evenings","status":"publish","type":"page","link":"https:\/\/sternwarte-zweibruecken.de\/en\/oeffentliche-beobachtungsabende","title":{"rendered":"Public observation evenings"},"content":{"rendered":"<p class=\"has-black-color has-text-color has-medium-font-size wp-block-paragraph\">Our public observation times are always on Fridays. You can observe yourself through our telescopes the Moon, planets, stars, nebulae, and various other objects. Also, constellations will be explained, and we will answer your questions.<\/p>\n\n\n\n<p class=\"has-black-color has-text-color has-medium-font-size wp-block-paragraph\">Call 0174 7010258 to find out whether the observatory is currently open. The number is not available when the observatory is closed.<\/p>\n\n\n\n<p class=\"has-black-color has-text-color has-medium-font-size wp-block-paragraph\">Admission is free. Donations are gratefully accepted.<\/p>\n\n\n\n<p class=\"has-black-color has-text-color has-medium-font-size wp-block-paragraph\">The observation evenings are starting roughly at the end of dusk:<br><br><strong>September:<\/strong> 9 p.m.<br><strong>October:<\/strong> 8 p.m. <br><strong>November to February:<\/strong> 7 p.m.<br><strong>March:<\/strong> 8 p.m.<br><strong>April:<\/strong> 9 p.m.<br><strong>May - August:<\/strong> Observation only of bright objects like moon and bright planets. The times will be announced here.<\/p>\n\n\n\n<div class=\"wp-block-columns is-layout-flex wp-container-core-columns-is-layout-8f761849 wp-block-columns-is-layout-flex\">\n<div class=\"wp-block-column is-layout-flow wp-block-column-is-layout-flow\" style=\"flex-basis:66.66%\">\n<p class=\"has-black-color has-text-color has-link-color has-medium-font-size wp-elements-01f7f352af49e82932819866d760907c wp-block-paragraph\">The observatory also offers a public WhatsApp channel where information about public observation evenings, lectures and special events are published. To join this channel, please use the following link on your cell phone: <a href=\"https:\/\/whatsapp.com\/channel\/0029Vas72eD4yltSzanz8H3W\" target=\"_blank\" rel=\"noreferrer noopener\">https:\/\/whatsapp.com\/channel\/0029Vas72eD4yltSzanz8H3W<\/a>. The channel can now be accessed via the \"News\" tab in WhatsApp.<br>Alternatively, you can also join the channel by scanning the QR code on the right.<\/p>\n<\/div>\n\n\n\n<div class=\"wp-block-column is-vertically-aligned-center is-layout-flow wp-block-column-is-layout-flow\" style=\"flex-basis:33.33%\"><div class=\"wp-block-image\">\n<figure class=\"aligncenter size-full is-resized\"><a href=\"https:\/\/sternwarte-zweibruecken.de\/wp-content\/uploads\/2024\/11\/QR-Code-NAWI-WhatsApp-Kanal.png\" target=\"_blank\" rel=\" noreferrer noopener\"><img loading=\"lazy\" decoding=\"async\" width=\"1000\" height=\"1000\" src=\"https:\/\/sternwarte-zweibruecken.de\/wp-content\/uploads\/2024\/11\/QR-Code-NAWI-WhatsApp-Kanal.png\" alt=\"\" class=\"wp-image-3005\" style=\"width:205px;height:auto\" srcset=\"https:\/\/sternwarte-zweibruecken.de\/wp-content\/uploads\/2024\/11\/QR-Code-NAWI-WhatsApp-Kanal.png 1000w, https:\/\/sternwarte-zweibruecken.de\/wp-content\/uploads\/2024\/11\/QR-Code-NAWI-WhatsApp-Kanal-300x300.png 300w, https:\/\/sternwarte-zweibruecken.de\/wp-content\/uploads\/2024\/11\/QR-Code-NAWI-WhatsApp-Kanal-150x150.png 150w, https:\/\/sternwarte-zweibruecken.de\/wp-content\/uploads\/2024\/11\/QR-Code-NAWI-WhatsApp-Kanal-768x768.png 768w, https:\/\/sternwarte-zweibruecken.de\/wp-content\/uploads\/2024\/11\/QR-Code-NAWI-WhatsApp-Kanal-12x12.png 12w, https:\/\/sternwarte-zweibruecken.de\/wp-content\/uploads\/2024\/11\/QR-Code-NAWI-WhatsApp-Kanal-80x80.png 80w, https:\/\/sternwarte-zweibruecken.de\/wp-content\/uploads\/2024\/11\/QR-Code-NAWI-WhatsApp-Kanal-320x320.png 320w\" sizes=\"auto, (max-width: 1000px) 100vw, 1000px\" \/><\/a><\/figure>\n<\/div><\/div>\n<\/div>\n\n\n<hr \/>\n\n\n<p class=\"has-black-color has-text-color has-link-color has-medium-font-size wp-elements-f8940ed8ba2dc3ae3e514c39325d8e6d wp-block-paragraph\">We welcome school classes to the observatory. Pupils can observe the currently visible planets and other celestial objects through our telescopes after dark. We also offer lectures about our solar system.<br>Here is some additional information in advance:<\/p>\n\n\n\n<ul class=\"wp-block-list\">\n<li class=\"has-black-color has-text-color has-link-color has-medium-font-size wp-elements-5fb24c3afb47e75b3ec70672ff53229e\">The dates depend on the weather. There must be a sufficiently clear sky. Cancellations or postponements are therefore possible at short notice.<\/li>\n\n\n\n<li class=\"has-black-color has-text-color has-link-color has-medium-font-size wp-elements-172d71f83a90255161dacef24bdc0219\">The tour and lecture are free of charge, donations are welcome.<\/li>\n\n\n\n<li class=\"has-black-color has-text-color has-link-color has-medium-font-size wp-elements-90d33ce42155db707a5085df02c3a037\">We cannot provide transportation to and from our observatory.<\/li>\n\n\n\n<li class=\"has-black-color has-text-color has-link-color has-medium-font-size wp-elements-13805553662992e8a09e539148da1e25\">For every 20 children (3rd to 6th\/7th grade), at least two adults should be present to supervise. From our side, at least two members of the observatory are also present.<\/li>\n\n\n\n<li class=\"has-black-color has-text-color has-link-color has-medium-font-size wp-elements-cfcff26e24d64a45227460b1f2a6bbce\">The number of visitors should not exceed 30 people.<\/li>\n\n\n\n<li class=\"has-black-color has-text-color has-link-color has-medium-font-size wp-elements-1485f5b06829c6fb4dc15bdddd65567f\">The observatory can accommodate a maximum of 10 people at a time. In the meantime, we offer to answer questions and provide explanations about the night sky for those waiting.<\/li>\n\n\n\n<li class=\"has-black-color has-text-color has-link-color has-medium-font-size wp-elements-1658868a509e65517ca31aaf4455d3fe\">Please wear warm clothing as the observatory is not heated.<\/li>\n<\/ul>\n\n\n\n<p class=\"has-black-color has-text-color has-link-color has-medium-font-size wp-elements-d4269226c89b0273f3476ea3911d00cc wp-block-paragraph\">Please feel free to contact us via <a href=\"mailto: info@nawi-zw.de\">e-mail<\/a><\/p>\n\n\n<hr>\n\n\n<p class=\"has-black-color has-text-color has-medium-font-size wp-block-paragraph\">Changes will be announced on our website.<\/p>\n\n\n\n<p class=\"has-black-color has-text-color has-medium-font-size wp-block-paragraph\">Our observation evenings only take place when there are clear sky conditions.<\/p>\n\n\n\n<p class=\"has-black-color has-text-color has-medium-font-size wp-block-paragraph\">We offer observations for groups by agreement. Please use our contact form for inquiries.<\/p>","protected":false},"excerpt":{"rendered":"<p>Unsere \u00f6ffentlichen Beobachtungsabende finden in der Regel freitags bei wolkenlosem Himmel statt. Sie k\u00f6nnen selbst einen Blick durch unsere Teleskope auf verschiedene Himmelsobjekte werfen. Auch die Sternbilder werden erl\u00e4utert und Ihre Fragen beantwortet. Unter&#46;&#46;&#46;<\/p>","protected":false},"author":7,"featured_media":0,"parent":0,"menu_order":0,"comment_status":"closed","ping_status":"closed","template":"","meta":{"_crdt_document":"","footnotes":""},"class_list":["post-1845","page","type-page","status-publish","hentry"],"_links":{"self":[{"href":"https:\/\/sternwarte-zweibruecken.de\/en\/wp-json\/wp\/v2\/pages\/1845","targetHints":{"allow":["GET"]}}],"collection":[{"href":"https:\/\/sternwarte-zweibruecken.de\/en\/wp-json\/wp\/v2\/pages"}],"about":[{"href":"https:\/\/sternwarte-zweibruecken.de\/en\/wp-json\/wp\/v2\/types\/page"}],"author":[{"embeddable":true,"href":"https:\/\/sternwarte-zweibruecken.de\/en\/wp-json\/wp\/v2\/users\/7"}],"replies":[{"embeddable":true,"href":"https:\/\/sternwarte-zweibruecken.de\/en\/wp-json\/wp\/v2\/comments?post=1845"}],"version-history":[{"count":21,"href":"https:\/\/sternwarte-zweibruecken.de\/en\/wp-json\/wp\/v2\/pages\/1845\/revisions"}],"predecessor-version":[{"id":3013,"href":"https:\/\/sternwarte-zweibruecken.de\/en\/wp-json\/wp\/v2\/pages\/1845\/revisions\/3013"}],"wp:attachment":[{"href":"https:\/\/sternwarte-zweibruecken.de\/en\/wp-json\/wp\/v2\/media?parent=1845"}],"curies":[{"name":"wp","href":"https:\/\/api.w.org\/{rel}","templated":true}]}}