{"id":1739,"date":"2022-12-12T18:57:16","date_gmt":"2022-12-12T18:57:16","guid":{"rendered":"https:\/\/sternwarte-zweibruecken.de\/?page_id=1739"},"modified":"2024-03-19T10:43:50","modified_gmt":"2024-03-19T10:43:50","slug":"become-a-member","status":"publish","type":"page","link":"https:\/\/sternwarte-zweibruecken.de\/en\/mitglied-werden","title":{"rendered":"Become a member"},"content":{"rendered":"<p class=\"has-black-color has-text-color has-link-color wp-elements-02c9f66ffc373564c98bb74f7abb5e2e wp-block-paragraph\">The observatory of the Naturwissenschaftlicher Verein zu Zweibr\u00fccken NAWI e.V. is run by volunteer members. The purpose of the association is to enable the public to observe planets, stars, galaxies and nebulae, hence the name \"Volkssternwarte\" (public observatory). Furthermore, lectures on general questions of natural science and technology are offered.<\/p>\r\n\r\n\r\n\r\n<p class=\"has-black-color has-text-color has-link-color wp-elements-f24c47fea0efa936e8df86201a5de25a wp-block-paragraph\"><strong>Advantages of membership<\/strong><\/p>\r\n\r\n\r\n\r\n<ul class=\"has-black-color has-text-color has-link-color wp-block-list wp-elements-887c124e2153c826b1301d14df3c84da\">\r\n<li>Contact with like-minded people<\/li>\r\n\r\n\r\n\r\n<li>Information about astronomical events<\/li>\r\n\r\n\r\n\r\n<li>Advice on the purchase of astronomical equipment<\/li>\r\n\r\n\r\n\r\n<li>Use of the observatory for your own observations after instruction and training<\/li>\r\n\r\n\r\n\r\n<li>Participation in excursions<\/li>\r\n<\/ul>\r\n\r\n\r\n\r\n<p class=\"has-black-color has-text-color has-link-color wp-elements-f33505ccd82ab0742ed140284266f64f wp-block-paragraph\"><strong>How high are the contributions?<\/strong><\/p>\r\n\r\n\r\n\r\n<div class=\"wp-block-columns is-layout-flex wp-container-core-columns-is-layout-8f761849 wp-block-columns-is-layout-flex\">\r\n<div class=\"wp-block-column has-black-color has-text-color has-link-color wp-elements-5b7e4e5d54e0bfe54efe54b9829705dc is-layout-flow wp-block-column-is-layout-flow\" style=\"flex-basis:33.33%\">\r\n<ul class=\"wp-block-list\">\r\n<li>Pupil \/ Student<\/li>\r\n\r\n\r\n\r\n<li>Normal member<\/li>\r\n\r\n\r\n\r\n<li>Sponsor<\/li>\r\n<\/ul>\r\n<\/div>\r\n\r\n\r\n\r\n<div class=\"wp-block-column is-layout-flow wp-block-column-is-layout-flow\" style=\"flex-basis:66.66%\">\r\n<p class=\"has-black-color has-text-color has-link-color wp-elements-ac9921af72d676035f7adf72f1e5b72a wp-block-paragraph\">10 Euro per year<br>60 euros per year<br>120 euros per year<\/p>\r\n<\/div>\r\n<\/div>\r\n\r\n\r\n\r\n<p class=\"has-black-color has-text-color has-link-color wp-elements-73cfac5ba4e28b87738ea37256a454b8 wp-block-paragraph\"><strong>What is made possible by the contributions?<\/strong><\/p>\r\n\r\n\r\n\r\n<ul class=\"has-black-color has-text-color has-link-color wp-block-list wp-elements-0b75eebb6a7775507c112d8f80682063\">\r\n<li>Maintenance of the observatory and telescopes<\/li>\r\n\r\n\r\n\r\n<li>Acquisition of new astronomical equipment<\/li>\r\n<\/ul>\r\n\r\n\r\n\r\n<p class=\"has-black-color has-text-color has-link-color wp-elements-7dcaaca5cd1a3d876fef6a14d7e76ddf wp-block-paragraph\"><strong>Are there \"duties\" in the association?<\/strong><\/p>\r\n\r\n\r\n\r\n<p class=\"has-black-color has-text-color has-link-color wp-elements-f83e660e095704d5924d6e65e4c15baa wp-block-paragraph\">Participation in the association's activities is voluntary.<\/p>\r\n\r\n\r\n\r\n<p class=\"has-black-color has-text-color has-link-color wp-elements-3803da23455edd91c7fc1b97803b49b2 wp-block-paragraph\"><strong>How do I become a member?<\/strong><\/p>\r\n\r\n\r\n\r\n<p class=\"has-black-color has-text-color has-link-color wp-elements-22d8b3cfac2b66b8ad48ef7592185061 wp-block-paragraph\">We would be delighted to welcome you as a new member. Simply download the application form here:<\/p>\r\n\r\n\r\n\r\n<p class=\"has-text-align-center wp-block-paragraph\"><a href=\"https:\/\/sternwarte-zweibruecken.de\/wp-content\/uploads\/2022\/12\/Beitrittserklaerung-10-2022_Neu.pdf\" target=\"_blank\" rel=\"noreferrer noopener\">Download membership application<\/a><\/p>\r\n\r\n\r\n\r\n<p class=\"has-black-color has-text-color has-link-color wp-elements-7dc95515bde72aef7397ddff41efc714 wp-block-paragraph\">Send the completed form by <a href=\"mailto: info@nawi-zw.de\">e-mail<\/a> or to us at the postal address listed.<\/p>\r\n\r\n\r\n\r\n<p class=\"has-black-color has-text-color has-link-color wp-elements-ab0c3a1d48e203defec24dedc4ddd191 wp-block-paragraph\"><strong>Tax benefits<\/strong><\/p>\r\n\r\n\r\n\r\n<p class=\"has-black-color has-text-color has-link-color wp-elements-bc1e6001482a6600025e211534390b01 wp-block-paragraph\">The Naturwissenschaftlicher Verein zu Zweibr\u00fccken e.V. is recognized as a non-profit organization. Membership fees are therefore tax deductible.<\/p>\r\n\r\n\r\n\r\n<p class=\"wp-block-paragraph\"><\/p>\r\n\r\n\r\n\r\n<p class=\"has-black-color has-text-color has-link-color wp-elements-a5c81298126eb3a745ba270e56d6a9ee wp-block-paragraph\">Still have questions? Then simply send us an <a href=\"mailto: info@nawi-zw.de\">e-mail<\/a>.<\/p>","protected":false},"excerpt":{"rendered":"<p>Die Sternwarte des Naturwissenschaftlichen Vereins zu Zweibr\u00fccken NAWI e.V. wird von ehrenamtlich t\u00e4tigen Mitgliedern betrieben. Zweck des Vereins ist zun\u00e4chst der \u00d6ffentlichkeit Beobachtungen von Planeten, Sterne, Galaxien und Nebeln zu erm\u00f6glichen, deswegen die Bezeichnung&#46;&#46;&#46;<\/p>","protected":false},"author":7,"featured_media":0,"parent":0,"menu_order":0,"comment_status":"closed","ping_status":"closed","template":"","meta":{"_crdt_document":"","footnotes":""},"class_list":["post-1739","page","type-page","status-publish","hentry"],"_links":{"self":[{"href":"https:\/\/sternwarte-zweibruecken.de\/en\/wp-json\/wp\/v2\/pages\/1739","targetHints":{"allow":["GET"]}}],"collection":[{"href":"https:\/\/sternwarte-zweibruecken.de\/en\/wp-json\/wp\/v2\/pages"}],"about":[{"href":"https:\/\/sternwarte-zweibruecken.de\/en\/wp-json\/wp\/v2\/types\/page"}],"author":[{"embeddable":true,"href":"https:\/\/sternwarte-zweibruecken.de\/en\/wp-json\/wp\/v2\/users\/7"}],"replies":[{"embeddable":true,"href":"https:\/\/sternwarte-zweibruecken.de\/en\/wp-json\/wp\/v2\/comments?post=1739"}],"version-history":[{"count":8,"href":"https:\/\/sternwarte-zweibruecken.de\/en\/wp-json\/wp\/v2\/pages\/1739\/revisions"}],"predecessor-version":[{"id":2629,"href":"https:\/\/sternwarte-zweibruecken.de\/en\/wp-json\/wp\/v2\/pages\/1739\/revisions\/2629"}],"wp:attachment":[{"href":"https:\/\/sternwarte-zweibruecken.de\/en\/wp-json\/wp\/v2\/media?parent=1739"}],"curies":[{"name":"wp","href":"https:\/\/api.w.org\/{rel}","templated":true}]}}