{"id":1331,"date":"2022-12-12T18:44:56","date_gmt":"2022-12-12T18:44:56","guid":{"rendered":"https:\/\/sternwarte-zweibruecken.de\/?page_id=1331"},"modified":"2026-04-09T09:53:46","modified_gmt":"2026-04-09T09:53:46","slug":"events","status":"publish","type":"page","link":"https:\/\/sternwarte-zweibruecken.de\/en\/veranstaltungen","title":{"rendered":"Events"},"content":{"rendered":"<p class=\"has-black-color has-text-color has-link-color has-medium-font-size wp-elements-8e68ef24857de25211f39e7b25afd870 wp-block-paragraph\"><strong>Public evening lectures at the Zweibr\u00fccken campus of Kaiserslautern\/Pirmasens\/Zweibr\u00fccken University of Applied Sciences<\/strong><\/p>\r\n\r\n\r\n\r\n<p class=\"has-black-color has-text-color has-link-color has-medium-font-size wp-elements-e38cde8be38bbd5d431d2e3a1529de6a wp-block-paragraph\"><strong>The events are held in German.<\/strong><\/p>\r\n<p class=\"has-black-color has-text-color has-link-color has-medium-font-size\"><br \/><br \/><\/p>\r\n\r\n\r\n<hr class=\"wp-block-separator has-alpha-channel-opacity is-style-dots\" \/>\r\n\r\n\r\n<p class=\"wp-block-paragraph\">&nbsp;<\/p>\r\n\r\n\r\n\r\n<h2 class=\"wp-elements-d4156f13cbb46e57161344c7b5a58751\"><span style=\"color: #003366;\">Upcoming events<\/span><\/h2>\r\n<hr \/>\r\n\r\n\r\n<h3 class=\"wp-block-heading has-black-color has-text-color has-link-color has-medium-font-size\"><strong>\u2b50 Saturday, 18.04.2026, 10 am - 3 pm, Zweibr\u00fccken Observatory<br \/><b>Open Campus Day at Zweibr\u00fccken University of Applied Sciences<\/b><\/strong><\/h3>\r\n\r\n\r\n\r\n<p class=\"has-black-color has-text-color has-link-color has-medium-font-size wp-elements-9c51aaec5ddf222b85a515ae7291fc9d wp-block-paragraph\">On the Open Campus Day at Zweibr\u00fccken University of Applied Sciences, 18.4.2026, 10 am - 3 pm, members of NAWI e.V. will explain the function and operation of the observatory and telescopes. If the sky is clear, visitors can observe the sun. Keywords: structure of the sun, nuclear fusion, 11-year Swabian periodicity, sunspots, polarity reversal of the magnetic field, heliosphere, effects on our planetary system.<\/p>\r\n\r\n\r\n\r\n<p class=\"has-black-color has-text-color has-link-color has-medium-font-size wp-elements-22727d24c5bc7607f40bdbe454db3d08 wp-block-paragraph\">Two lectures will also be offered:<\/p>\r\n\r\n\r\n\r\n<p class=\"has-black-color has-text-color has-link-color has-medium-font-size wp-elements-67558416f883335b7b2f2eae0e8d275b wp-block-paragraph\"><strong>Campus HS Zweibr\u00fccken, 11 a.m., Room A 136; 30 min. each.<\/strong><\/p>\r\n\r\n\r\n\r\n<p class=\"has-black-color has-text-color has-link-color has-medium-font-size wp-elements-e3644d1b733221c20948987715243e32 wp-block-paragraph\"><strong>1 Prof. Dr. W. Arnold: What can be observed with the observatory of the NAWI e.V. on the HS campus?<\/strong><\/p>\r\n\r\n\r\n\r\n<p class=\"has-black-color has-text-color has-link-color has-medium-font-size wp-elements-74278b32615e5d03c1a3905917f8d0ea wp-block-paragraph\">Based on the observations of the interstellar comet 3I\/Atlas and the double quasar Q0957 + 561A\/B, the conditions under which this is possible with our amateur observatory are discussed. The observations make it possible to personally experience Kepler's laws and the concepts of escape velocity, curvature of the light path in strong gravitational fields and the use of a quasar as an astronomical microscope.<\/p>\r\n\r\n\r\n\r\n<p class=\"has-black-color has-text-color has-link-color has-medium-font-size wp-elements-585706a375e111667ad1b54af59e5cf8 wp-block-paragraph\"><strong>2 Dr. Rolf-Dieter Schad : The closest star - our sun<\/strong><\/p>\r\n\r\n\r\n\r\n<p class=\"has-black-color has-text-color has-link-color has-medium-font-size wp-elements-5e289740b8ebf43e155bb46dc4bc487b wp-block-paragraph\">Without the sun, eight planets could not have formed and life could not have developed on earth.  This seems quite unique, and yet almost all the points of light that can be seen in the night sky are, from a physical point of view, also suns.<\/p>\r\n\r\n\r\n\r\n<p class=\"has-black-color has-text-color has-link-color has-medium-font-size wp-elements-2fd33c1abba6126a6e7e885a9965a8aa wp-block-paragraph\">How was it created? How is it constructed? Where does it get its energy from? What can be observed with certainty, even with very simple means? What will be its fate in the future?<br \/><br \/><\/p>\r\n\r\n\r\n<hr class=\"wp-block-separator has-alpha-channel-opacity\" \/>\r\n\r\n\r\n<h3 class=\"wp-block-heading has-black-color has-text-color has-link-color has-medium-font-size\"><strong>Wednesday, 29.04.2026, 19:00, Audimax and livestream<br \/>Human 2.0 - Do people need an upgrade?<br \/>Dr. Verena L\u00fctschg, About Tomorrow Consulting, Baden, Switzerland<\/strong><\/h3>\r\n\r\n\r\n\r\n<p class=\"has-black-color has-text-color has-link-color has-medium-font-size wp-elements-63270eef505d5133686cc28c26011b43 wp-block-paragraph\">Chips in the brain that connect our thoughts to the internet. Gene scissors that eradicate hereditary diseases or create designer babies. Prostheses that can do more than the original, and \u201einhuman\u201c senses that open up completely new worlds for us. What was science fiction just a few years ago is already becoming reality in laboratories around the world. Transhumanism promises nothing less than the overcoming of biological limits: a longer, smarter and more efficient life.<\/p>\r\n\r\n\r\n\r\n<p class=\"has-black-color has-text-color has-link-color has-medium-font-size wp-elements-5e39e7971b5a92642ea60c66e1b02d2d wp-block-paragraph\">But who determines what a \u201ebetter\u201c person is? Will enhancement become the privilege of the rich? And if we can optimize everything about ourselves, what is left of being human?<\/p>\r\n\r\n\r\n\r\n<p class=\"has-black-color has-text-color has-link-color has-medium-font-size wp-elements-037e97e736da7fbc4e794104e57fd5bb wp-block-paragraph\">This lecture takes you on a journey to the boundary between man and machine, between medical progress and technological hubris. It shows what is already possible today, what could come tomorrow and why the most important questions are not technical but ethical. Expect no easy answers, but lively discussion, surprising insights and questions that will stay with you.<\/p>\r\n\r\n\r\n\r\n<p class=\"has-black-color has-text-color has-link-color has-medium-font-size wp-elements-75caf58eca91d5f5266fbcc1218ff788 wp-block-paragraph\">Verena L\u00fctschg holds a doctorate in molecular biology and has worked in international management consultancies, companies and think tanks. Today, she runs her own technology consultancy \u201eAbout Tomorrow Consulting\u201c in Zurich and specializes in knowledge transfer, technological innovations and their social impact.<\/p>\r\n\r\n\r\n\r\n<p class=\"has-black-color has-text-color has-link-color has-medium-font-size wp-elements-47c2e0f75d8e0189ead550bf008f3598 wp-block-paragraph\"><strong>Further information:<\/strong><\/p>\r\n\r\n\r\n\r\n<p class=\"has-medium-font-size wp-block-paragraph\"><a href=\"https:\/\/www.about-tomorrow.com\" target=\"_blank\" rel=\"noreferrer noopener\">https:\/\/www.about-tomorrow.com<\/a><br \/><br \/><\/p>\r\n\r\n\r\n<hr class=\"wp-block-separator has-alpha-channel-opacity\" \/>\r\n<h3 class=\"wp-block-heading has-black-color has-text-color has-link-color has-medium-font-size\"><strong>Wednesday, 27.05.2026, 19:00, Audimax and livestream<br \/>The Inquisition trial against Galileo Galilei - The difficult relationship between reason and religion<br \/>Pierre Leich, President of the Simon Marius Society, Nuremberg<\/strong><\/h3>\r\n\r\n<p class=\"has-black-color has-text-color has-link-color has-medium-font-size wp-elements-6d8254a80b51640757db0eee92e6324e wp-block-paragraph\">Despite indisputable evidence for the heliocentric view of the world, Galileo Galilei was admonished by the Vatican in 1616 and accused and convicted of heresy in 1633. This is the popular summary of the trial. Galileo is often regarded today as the \u201eHoly Virgin of Orleans of the natural sciences\u201c. But how should his proofs of the Copernican doctrine be assessed from today's perspective? How could an astronomical theory cause such an uproar at the time of the Thirty Years' War and what was really the cause of the conflict with the Church?<\/p>\r\n\r\n\r\n\r\n<p class=\"has-black-color has-text-color has-link-color has-medium-font-size wp-elements-9526e0fb56e39e28240a0906d7c56f1f wp-block-paragraph\">Pierre Leich studied philosophy with a focus on the philosophy and history of science. In his lecture, he will talk about a brilliant researcher who changed the way the world was viewed at the time.<\/p>\r\n\r\n\r\n\r\n<p class=\"has-black-color has-text-color has-link-color has-medium-font-size wp-elements-8210d65568e080c694ed372aa9ff3ff9 wp-block-paragraph\"><strong>Further information : <\/strong><\/p>\r\n\r\n\r\n\r\n<p class=\"has-medium-font-size wp-block-paragraph\"><a href=\"https:\/\/www.pl-visit.net\" target=\"_blank\" rel=\"noreferrer noopener\">https:\/\/www.pl-visit.net<\/a><\/p>\r\n\r\n\r\n\r\n<p class=\"has-medium-font-size wp-block-paragraph\"><a href=\"https:\/\/www.art-und-friedrich.de\/persons.php?person=10\" target=\"_blank\" rel=\"noreferrer noopener\">https:\/\/www.art-und-friedrich.de\/persons.php?person=10<\/a><\/p>\r\n\r\n\r\n\r\n<p class=\"has-medium-font-size wp-block-paragraph\"><a href=\"https:\/\/pl-visit.net\/index.php?hauptnav=privat&amp;unternav=veroeffentlichungen\" target=\"_blank\" rel=\"noreferrer noopener\">https:\/\/pl-visit.net\/index.php?hauptnav=privat&amp;unternav=veroeffentlichungen<\/a><\/p>\r\n\r\n\r\n\r\n<p class=\"has-medium-font-size wp-block-paragraph\"><a href=\"https:\/\/pl-visit.net\/index.php?hauptnav=privat&amp;unternav=aktivitaeten\" target=\"_blank\" rel=\"noreferrer noopener\">https:\/\/pl-visit.net\/index.php?hauptnav=privat&amp;unternav=aktivitaeten<\/a><br \/><br \/><br \/><\/p>\r\n\r\n\r\n<hr class=\"wp-block-separator has-alpha-channel-opacity is-style-dots\" \/>\r\n\r\n\r\n<p class=\"wp-block-paragraph\">&nbsp;<\/p>\r\n\r\n\r\n\r\n<h2 class=\"wp-block-heading\"><span style=\"color: #003366;\">Past events<\/span><\/h2>\r\n\r\n\r\n<hr class=\"wp-block-separator has-alpha-channel-opacity\" \/>\r\n\r\n\r\n<h3 class=\"has-black-color has-text-color has-link-color has-medium-font-size wp-elements-469bdcf7a9541ca8aa2743395181c4ee\"><strong>Wednesday, 08.04.2026, 19:00, Audimax and livestream<br \/>The Giotto probe's flyby of Halley's comet<br \/>Dr. Gerhard Schwehm, former manager at ESA<\/strong><\/h3>\r\n<p class=\"wp-block-paragraph\">\r\n\r\n<\/p>\r\n<p class=\"has-black-color has-text-color has-link-color has-medium-font-size wp-elements-49d422c0083639a7a23d3d271020aa1e wp-block-paragraph\">A special kind of encounter: 40 years ago, on the night of March 13-14, 1986, Giotto passed Halley's Comet at a distance of just 600 km. It was ESA's first interplanetary mission; a huge success for European science. The probe delivered the first image of a comet nucleus. The Giotto mission provided many new insights into the composition of comets and the interaction of comets with the interplanetary medium.<\/p>\r\n<p>\r\n\r\n<\/p>\r\n<p class=\"has-black-color has-text-color has-link-color has-medium-font-size wp-elements-ff8af5d081295d72d43031ba4850bfb1 wp-block-paragraph\">Why are comets so fascinating? Why have scientists dreamed of a mission to a comet since the beginning of the space age?<\/p>\r\n<p>\r\n\r\n<\/p>\r\n<p class=\"has-black-color has-text-color has-link-color has-medium-font-size wp-elements-16faffc62e7ba4294a04605b1f5e0166 wp-block-paragraph\">Dr. Gerhard Schwehm, former project scientist for the Giotto mission at ESA, will give an overview of the background to the mission and the technological challenges in his lecture. He will show how this mission shaped comet research. He will also share some personal memories with the audience, giving an impression of how fascinating it is to be involved in such a project.<\/p>\r\n<p><\/p>\r\n<p>&nbsp;<\/p>\r\n<p><\/p>\r\n<p class=\"has-black-color has-text-color has-link-color has-medium-font-size wp-elements-a39c7fc6d0c9aee7797ef46e829cdfbb wp-block-paragraph\"><strong>Further information:<\/strong><\/p>\r\n<p>\r\n\r\n<\/p>\r\n<p class=\"has-medium-font-size wp-block-paragraph\"><a href=\"https:\/\/de.wikipedia.org\/wiki\/Halleyscher_Komet\" target=\"_blank\" rel=\"noreferrer noopener\">https:\/\/de.wikipedia.org\/wiki\/Halleyscher_Komet<\/a><\/p>\r\n<p>\r\n\r\n<\/p>\r\n<p class=\"has-black-color has-text-color has-link-color has-medium-font-size wp-elements-76cedd24e3de198423cac2f333dad6c9 wp-block-paragraph\"><strong>Livestream:<\/strong><br \/><br \/>Of course, we are looking forward to welcoming as many guests as possible, but we will offer those who do not have the opportunity to come to Zweibr\u00fccken the opportunity to follow our lectures live via the Internet. The livestream will be online from approx. 18:45 on the day of the lecture and can also be accessed from outside the university (without registration or access data).<\/p>\r\n<p>\r\n\r\n<\/p>\r\n<p class=\"has-black-color has-text-color has-link-color has-medium-font-size wp-elements-888050a3efd3de150bf3fb40a50c48b8 wp-block-paragraph\">The link is the same for all presentations and reads:<\/p>\r\n<p>\r\n\r\n<\/p>\r\n<p class=\"has-medium-font-size wp-block-paragraph\"><a href=\"https:\/\/hs-kl.de\/livestream\" target=\"_blank\" rel=\"noreferrer noopener\"><em>hs-kl.de\/livestream<\/em><\/a><br \/><br \/><\/p>\r\n<hr class=\"wp-block-separator has-alpha-channel-opacity\" \/>\r\n<p>\r\n\r\n<\/p>\r\n<p class=\"has-black-color has-text-color has-link-color has-medium-font-size\"><strong>Astronomy Day on March 28, 2026<\/strong><\/p>\r\n\r\n\r\n\r\n<figure class=\"wp-block-image size-large is-resized\"><img loading=\"lazy\" decoding=\"async\" width=\"1024\" height=\"351\" class=\"wp-image-3614\" style=\"width: 867px; height: auto;\" src=\"https:\/\/sternwarte-zweibruecken.de\/wp-content\/uploads\/2026\/02\/VdS_Astronomietag-2026_Banner-Allgemein_2560x877-1-1024x351.jpg\" alt=\"\" srcset=\"https:\/\/sternwarte-zweibruecken.de\/wp-content\/uploads\/2026\/02\/VdS_Astronomietag-2026_Banner-Allgemein_2560x877-1-1024x351.jpg 1024w, https:\/\/sternwarte-zweibruecken.de\/wp-content\/uploads\/2026\/02\/VdS_Astronomietag-2026_Banner-Allgemein_2560x877-1-300x103.jpg 300w, https:\/\/sternwarte-zweibruecken.de\/wp-content\/uploads\/2026\/02\/VdS_Astronomietag-2026_Banner-Allgemein_2560x877-1-768x263.jpg 768w, https:\/\/sternwarte-zweibruecken.de\/wp-content\/uploads\/2026\/02\/VdS_Astronomietag-2026_Banner-Allgemein_2560x877-1-1536x526.jpg 1536w, https:\/\/sternwarte-zweibruecken.de\/wp-content\/uploads\/2026\/02\/VdS_Astronomietag-2026_Banner-Allgemein_2560x877-1-2048x702.jpg 2048w, https:\/\/sternwarte-zweibruecken.de\/wp-content\/uploads\/2026\/02\/VdS_Astronomietag-2026_Banner-Allgemein_2560x877-1-18x6.jpg 18w\" sizes=\"auto, (max-width: 1024px) 100vw, 1024px\" \/><\/figure>\r\n\r\n\r\n\r\n<p class=\"has-black-color has-text-color has-link-color has-medium-font-size wp-elements-9ab6c0f353dba0ff794fdb8a50f81f9b wp-block-paragraph\"><br \/>On the nationwide Astronomy Day 2026, observatories, planetariums, research institutes, museums, schools and individuals (organizers throughout Germany, Austria and Switzerland) are once again inviting people to explore the world of stars with their own eyes. The program includes the gas giant Jupiter with its four large moons, our sister planet Venus and a large moon formation, the so-called Golden Handle.<\/p>\r\n<p class=\"has-black-color has-text-color has-link-color has-medium-font-size\">\u00a0<\/p>\r\n<p class=\"has-black-color has-text-color has-link-color has-medium-font-size\">The Naturwissenschaftliche Verein zu Zweibr\u00fccken NAWI e.V. opens its observatory from 19:00 to 23:00. If the sky is cloudy, we will explain our observatory and the instruments we use.<\/p>\r\n\r\n\r\n\r\n<p class=\"has-black-color has-text-color has-link-color has-medium-font-size wp-elements-21885b4e69a8aa2c9158358c569d0aeb wp-block-paragraph\">Admission is free, advance registration is not necessary.<\/p>\r\n\r\n\r\n<hr class=\"wp-block-separator has-alpha-channel-opacity\" \/>\r\n\r\n\r\n<h3 class=\"wp-block-heading has-text-align-left has-black-color has-text-color has-link-color has-medium-font-size wp-elements-8d5c06409e6ca119c75dc537b137de24\"><strong>Wednesday, 14.01.2026, 19:00, Audimax and livestream<br \/>Dr. Christoph Endres, sequire technology GmbH, Saarbr\u00fccken<br \/>AI between protective shield and offensive weapon<\/strong><\/h3>\r\n\r\n\r\n\r\n<p class=\"has-black-color has-text-color has-link-color has-medium-font-size wp-elements-991ca709f6c8f2d9e6ad55a46052d464 wp-block-paragraph\">Artificial intelligence (AI) is changing our world, it is both a tool and a weapon: AI can protect us from cyber attacks or be misused by attackers.<br \/>AI systems consist not only of software, but also of data and complex models that offer new areas of attack - for example through manipulated training data or targeted deception. They can analyze huge amounts of data, detect suspicious patterns at an early stage and thus help to ward off attacks before damage is done. However, AI can also be used by cyber criminals, for example to generate deceptively real phishing emails or for automated hacks.<\/p>\r\n\r\n\r\n\r\n<p class=\"has-black-color has-text-color has-link-color has-medium-font-size wp-elements-562e892661867b8541d2f185af4066e7 wp-block-paragraph\">The presentation will show how AI systems can be secured, how they contribute to defense and why they also pose new risks.<\/p>\r\n\r\n\r\n\r\n<p class=\"has-black-color has-text-color has-link-color has-medium-font-size wp-elements-1e91384a55f0c3f1bc9e626baf378c1c wp-block-paragraph\">Dr. Christoph Endres is a computer scientist with over 20 years of professional experience in AI research. He is Managing Director of sequire technology GmbH, a small Saarbr\u00fccken-based company that focuses on the security of AI systems. He also teaches AI in a university environment at the Scheer School for Digital Sciences, heads an expert group for AI security in cooperation with the German Federal Office for Information Security (BSI) and is a cybersecurity expert at the German Federal Network Agency.<\/p>\r\n\r\n\r\n\r\n<p class=\"has-black-color has-text-color has-link-color has-medium-font-size wp-elements-09021209d18f58d50fb63b01edafe579 wp-block-paragraph\"><strong><span dir=\"auto\" style=\"vertical-align: inherit;\"><span dir=\"auto\" style=\"vertical-align: inherit;\"><strong>Further information:<\/strong><\/span><\/span><\/strong><\/p>\r\n\r\n\r\n\r\n<p class=\"has-medium-font-size wp-block-paragraph\"><a href=\"https:\/\/sequire.de\/de\/\" target=\"_blank\" rel=\"noreferrer noopener\">sequire.com\/en\/<\/a><\/p>\r\n\r\n\r\n\r\n<p class=\"has-medium-font-size wp-block-paragraph\"><a href=\"https:\/\/idw-online.de\/de\/news819202\" target=\"_blank\" rel=\"noreferrer noopener\">idw-online.de\/en\/news819202<\/a><\/p>\r\n\r\n\r\n\r\n<p class=\"has-black-color has-text-color has-link-color has-medium-font-size wp-elements-b90849692040014173c18220f1bbf8a4 wp-block-paragraph\"><strong><span dir=\"auto\" style=\"vertical-align: inherit;\"><span dir=\"auto\" style=\"vertical-align: inherit;\">Of course, we are looking forward to welcoming as many guests as possible, but we will offer those who do not have the opportunity to come to Zweibr\u00fccken the opportunity to follow our lectures live via the Internet. The livestream will be online from approx. 18:45 on the day of the lecture and can also be accessed from outside the university (without registration or access data). The link is the same for all lectures:\u00a0<\/span><\/span><\/strong><\/p>\r\n\r\n\r\n\r\n<p class=\"has-medium-font-size wp-block-paragraph\"><a href=\"https:\/\/hs-kl.de\/livestream\" target=\"_blank\" rel=\"noreferrer noopener\">hs-kl.de\/livestream<\/a><\/p>\r\n\r\n\r\n\r\n<p class=\"has-medium-font-size wp-block-paragraph\">\u00a0<\/p>\r\n\r\n\r\n<hr class=\"wp-block-separator has-alpha-channel-opacity\" \/>\r\n\r\n\r\n<p class=\"has-black-color has-text-color has-medium-font-size wp-block-paragraph\"><strong>Astronomy Day<\/strong><\/p>\r\n\r\n\r\n\r\n<p class=\"has-black-color has-text-color has-medium-font-size wp-block-paragraph\">Since the International Year of Astronomy in 2009, NAWI has been participating regularly in the activities of the Astronomy Day<\/p>\r\n\r\n\r\n\r\n<p class=\"wp-block-paragraph\">&nbsp;<\/p>\r\n\r\n\r\n<hr class=\"wp-block-separator has-alpha-channel-opacity\" \/>\r\n\r\n\r\n<p class=\"has-black-color has-text-color has-medium-font-size wp-block-paragraph\"><strong>Open Campus<\/strong><\/p>\r\n\r\n\r\n\r\n<p class=\"has-black-color has-text-color has-medium-font-size wp-block-paragraph\">On the university's annual \"OpenCampus\" day, we open the observatory if the weather is suitable. We explain how the technology and telescopes work and can offer the following observations:<\/p>\r\n\r\n\r\n\r\n<p class=\"has-black-color has-text-color has-medium-font-size wp-block-paragraph\"><span style=\"color: #000000;\">- Observations of the sun with its spots, granules, and prominences with our H-alpha telescope and other telescopes.<\/span><br \/><span style=\"color: #000000;\">- Observations of planets and even stars during daytime if conditions permit.<\/span><\/p>\r\n\r\n\r\n\r\n<p class=\"wp-block-paragraph\">&nbsp;<\/p>\r\n\r\n\r\n<hr class=\"wp-block-separator has-alpha-channel-opacity is-style-dots\" \/>\r\n\r\n\r\n<p class=\"wp-block-paragraph\">&nbsp;<\/p>\r\n\r\n\r\n\r\n<h2 class=\"wp-block-heading\"><strong>\ud83d\udcc1<span style=\"color: #003366;\"> Archived events:<\/span><\/strong><\/h2>\r\n\r\n\r\n\r\n<ul class=\"wp-block-list\">\r\n<li class=\"has-medium-font-size\"><a href=\"\/en\/archive-2025-events\/\">Archive 2025<\/a><\/li>\r\n\r\n\r\n\r\n<li class=\"has-medium-font-size\"><a href=\"\/en\/archive-2024-events\/\">Archive 2024<\/a><\/li>\r\n\r\n\r\n\r\n<li class=\"has-medium-font-size\"><a href=\"\/en\/archive-2023-events\/\">Archive 2023<\/a><\/li>\r\n<\/ul>","protected":false},"excerpt":{"rendered":"<p>\u00d6ffentliche Abendvortr\u00e4ge am Campus Zweibr\u00fccken der Hochschule Kaiserslautern\/Pirmasens\/Zweibr\u00fccken Die Veranstaltungen finden in deutscher Sprache statt. &nbsp; Kommende Veranstaltungen \u2b50 Samstag, 18.04.2026, 10-15 Uhr, Sternwarte Zweibr\u00fcckenTag des Offenen Campus der HS Zweibr\u00fccken Am Tag des&#46;&#46;&#46;<\/p>","protected":false},"author":6,"featured_media":0,"parent":0,"menu_order":0,"comment_status":"closed","ping_status":"closed","template":"","meta":{"_crdt_document":"","footnotes":""},"class_list":["post-1331","page","type-page","status-publish","hentry"],"_links":{"self":[{"href":"https:\/\/sternwarte-zweibruecken.de\/en\/wp-json\/wp\/v2\/pages\/1331","targetHints":{"allow":["GET"]}}],"collection":[{"href":"https:\/\/sternwarte-zweibruecken.de\/en\/wp-json\/wp\/v2\/pages"}],"about":[{"href":"https:\/\/sternwarte-zweibruecken.de\/en\/wp-json\/wp\/v2\/types\/page"}],"author":[{"embeddable":true,"href":"https:\/\/sternwarte-zweibruecken.de\/en\/wp-json\/wp\/v2\/users\/6"}],"replies":[{"embeddable":true,"href":"https:\/\/sternwarte-zweibruecken.de\/en\/wp-json\/wp\/v2\/comments?post=1331"}],"version-history":[{"count":194,"href":"https:\/\/sternwarte-zweibruecken.de\/en\/wp-json\/wp\/v2\/pages\/1331\/revisions"}],"predecessor-version":[{"id":3739,"href":"https:\/\/sternwarte-zweibruecken.de\/en\/wp-json\/wp\/v2\/pages\/1331\/revisions\/3739"}],"wp:attachment":[{"href":"https:\/\/sternwarte-zweibruecken.de\/en\/wp-json\/wp\/v2\/media?parent=1331"}],"curies":[{"name":"wp","href":"https:\/\/api.w.org\/{rel}","templated":true}]}}